{"id":4325,"date":"2022-06-21T13:24:56","date_gmt":"2022-06-21T11:24:56","guid":{"rendered":"https:\/\/dev21.ecoclime.se\/en\/?page_id=4325"},"modified":"2025-11-12T12:25:54","modified_gmt":"2025-11-12T11:25:54","slug":"aktien-2","status":"publish","type":"page","link":"https:\/\/ecoclime.se\/en\/investerare\/aktien-2\/","title":{"rendered":"Aktien"},"content":{"rendered":"\t\t<div data-elementor-type=\"wp-page\" data-elementor-id=\"4325\" class=\"elementor elementor-4325\" data-elementor-post-type=\"page\">\n\t\t\t\t<div class=\"elementor-element elementor-element-5b85813 ec21_sub_page_hero e-flex e-con-boxed e-con e-parent\" data-id=\"5b85813\" data-element_type=\"container\" data-e-type=\"container\" data-settings=\"{&quot;background_background&quot;:&quot;classic&quot;}\">\n\t\t\t\t\t<div class=\"e-con-inner\">\n\t\t<div class=\"elementor-element elementor-element-8484d3d ec21_e_container_content e-flex e-con-boxed e-con e-parent\" data-id=\"8484d3d\" data-element_type=\"container\" data-e-type=\"container\">\n\t\t\t\t\t<div class=\"e-con-inner\">\n\t\t<div class=\"elementor-element elementor-element-73fd635 e-con-full e-flex e-con e-parent\" data-id=\"73fd635\" data-element_type=\"container\" data-e-type=\"container\">\n\t\t\t\t<div class=\"elementor-element elementor-element-b9a5198 elementor-widget elementor-widget-ecoclime_anchor_menu\" data-id=\"b9a5198\" data-element_type=\"widget\" data-e-type=\"widget\" data-widget_type=\"ecoclime_anchor_menu.default\">\n\t\t\t\t<div class=\"elementor-widget-container\">\n\t\t\t\t\t\t\t<div id=\"ec21_anchor_menu_placeholder\" class=\"ec21_dark_links\">\n\t\t\t<nav id=\"ec21_anchor_menu\" class=\"icey_disable\">\n\t\t\t\t<button class=\"ec21_anchor_menu_mobile\">\n\t\t\t\t\t<div class=\"icey_menu_toogle\">\n\t\t\t\t\t\t<span><\/span>\n\t\t\t\t\t\t<span><\/span>\n\t\t\t\t\t\t<span><\/span>\n\t\t\t\t\t<\/div>\n\t\t\t\t<\/button>\n\t\t\t\t<ul class=\"ec21_anchor_menu_inside\"><li><b>Ecoclime Ankare Meny<\/b><span style=\"display: inline-block; margin-top: 10px; font-size: 12px; line-height: 1.2em;\">Visar automatiskt ankare-rubiker f\u00f6r bes\u00f6kare.<\/span><\/li><\/ul>\n\t\t\t<\/nav>\n\t\t\t\t\t\t\t<div id=\"ec21_anchor_menu_contact\">\n\t\t\t\t\t<span class=\"ec21_menu_contact_headline\">Would you like to learn more?<\/span>\n\t\t\t\t\t<div class=\"ec21_contact\">\n\t\t\t\t\t\t<img decoding=\"async\" src=\"https:\/\/ecoclime.se\/en\/wp-content\/uploads\/sites\/2\/2023\/03\/hansaulin-nytfcfof\u00f6recoclime\" alt=\"Bild p\u00e5 Hans Aulin\">\n\t\t\t\t\t\t<div class=\"ec21_contact_info\">\n\t\t\t\t\t\t\t<span>Talk to Hans Aulin:<\/span>\n\t\t\t\t\t\t\t<a href=\"tel:\"><\/a>\n\t\t\t\t\t\t\t<a href=\"mailto:hans.aulin@ecoclime.se\/en\">hans.aulin@ecoclime.se\/en<\/a>\n\t\t\t\t\t\t<\/div>\n\t\t\t\t\t<\/div>\n\t\t\t\t<\/div>\n\t\t\t\t\t\t<\/div>\n\t\t\t\t\t\t<\/div>\n\t\t\t\t<\/div>\n\t\t\t\t<\/div>\n\t\t<div class=\"elementor-element elementor-element-99824f6 e-con-full e-flex e-con e-parent\" data-id=\"99824f6\" data-element_type=\"container\" data-e-type=\"container\">\n\t\t\t\t<div class=\"elementor-element elementor-element-0ab3a79 elementor-widget elementor-widget-heading\" data-id=\"0ab3a79\" data-element_type=\"widget\" data-e-type=\"widget\" data-widget_type=\"heading.default\">\n\t\t\t\t<div class=\"elementor-widget-container\">\n\t\t\t\t\t<h1 class=\"elementor-heading-title elementor-size-default\">Aktien<\/h1>\t\t\t\t<\/div>\n\t\t\t\t<\/div>\n\t\t\t\t<div class=\"elementor-element elementor-element-a0833e6 elementor-widget elementor-widget-text-editor\" data-id=\"a0833e6\" data-element_type=\"widget\" data-e-type=\"widget\" data-widget_type=\"text-editor.default\">\n\t\t\t\t<div class=\"elementor-widget-container\">\n\t\t\t\t\t\t\t\t\t<p>Aktien \u00e4r listad p\u00e5 Nasdaq First North Premier Growth Market under kortnamnet ECC B. Certified Adviser \u00e4r FNCA Sweden AB.<\/p>\t\t\t\t\t\t\t\t<\/div>\n\t\t\t\t<\/div>\n\t\t\t\t<\/div>\n\t\t\t\t\t<\/div>\n\t\t\t\t<\/div>\n\t\t\t\t\t<\/div>\n\t\t\t\t<\/div>\n\t\t<div class=\"elementor-element elementor-element-2f0a1193 e-flex e-con-boxed e-con e-parent\" data-id=\"2f0a1193\" data-element_type=\"container\" data-e-type=\"container\">\n\t\t\t\t\t<div class=\"e-con-inner\">\n\t\t<div class=\"elementor-element elementor-element-12f15ba e-con-full ec21_e_container_content e-flex e-con e-parent\" data-id=\"12f15ba\" data-element_type=\"container\" data-e-type=\"container\">\n\t\t<div class=\"elementor-element elementor-element-89248c5 e-con-full e-flex e-con e-parent\" data-id=\"89248c5\" data-element_type=\"container\" data-e-type=\"container\">\n\t\t\t\t<div class=\"elementor-element elementor-element-8e90e5c elementor-widget elementor-widget-ecoclime_anchor_heading\" data-id=\"8e90e5c\" data-element_type=\"widget\" data-e-type=\"widget\" data-widget_type=\"ecoclime_anchor_heading.default\">\n\t\t\t\t<div class=\"elementor-widget-container\">\n\t\t\t\t\t\t\t<h2 class=\"ec21_anchor_heading\" id=\"kursgraf\" data-light-menu=\"on\" data-visible-menu=\"on\" data-contact-card=\"on\">\n\t\t\tKursgraf\t\t<\/h2>\n\t\t\t\t\t\t<\/div>\n\t\t\t\t<\/div>\n\t\t\t\t<\/div>\n\t\t<div class=\"elementor-element elementor-element-23bfcf1d e-con-full e-flex e-con e-parent\" data-id=\"23bfcf1d\" data-element_type=\"container\" data-e-type=\"container\">\n\t\t\t\t<div class=\"elementor-element elementor-element-ee23281 elementor-widget elementor-widget-shortcode\" data-id=\"ee23281\" data-element_type=\"widget\" data-e-type=\"widget\" data-widget_type=\"shortcode.default\">\n\t\t\t\t<div class=\"elementor-widget-container\">\n\t\t\t\t\t\t\t<div class=\"elementor-shortcode\">\t<iframe allowtransparency=\"true\" marginheight=\"0\" marginwidth=\"0\" class=\"responsive\" id=\"stockprice_se\"\n\tsrc=\"https:\/\/www.connectidfeed.com\/en\/ecoclime\/ecoclime-share-price-center-elite\" frameborder=\"0\" height=\"1000\"\n\twidth=\"100%\"><\/iframe>\n\t<\/div>\n\t\t\t\t\t\t<\/div>\n\t\t\t\t<\/div>\n\t\t\t\t<\/div>\n\t\t\t\t<\/div>\n\t\t\t\t\t<\/div>\n\t\t\t\t<\/div>\n\t\t<div class=\"elementor-element elementor-element-72a356fb ec21_e_c_hr e-flex e-con-boxed e-con e-parent\" data-id=\"72a356fb\" data-element_type=\"container\" data-e-type=\"container\">\n\t\t\t\t\t<div class=\"e-con-inner\">\n\t\t<div class=\"elementor-element elementor-element-61130d97 e-con-full e-flex e-con e-parent\" data-id=\"61130d97\" data-element_type=\"container\" data-e-type=\"container\">\n\t\t\t\t<div class=\"elementor-element elementor-element-14385e88 elementor-widget elementor-widget-spacer\" data-id=\"14385e88\" data-element_type=\"widget\" data-e-type=\"widget\" data-widget_type=\"spacer.default\">\n\t\t\t\t<div class=\"elementor-widget-container\">\n\t\t\t\t\t\t\t<div class=\"elementor-spacer\">\n\t\t\t<div class=\"elementor-spacer-inner\"><\/div>\n\t\t<\/div>\n\t\t\t\t\t\t<\/div>\n\t\t\t\t<\/div>\n\t\t\t\t<\/div>\n\t\t\t\t\t<\/div>\n\t\t\t\t<\/div>\n\t\t<div class=\"elementor-element elementor-element-fbcbe69 e-flex e-con-boxed e-con e-parent\" data-id=\"fbcbe69\" data-element_type=\"container\" data-e-type=\"container\">\n\t\t\t\t\t<div class=\"e-con-inner\">\n\t\t<div class=\"elementor-element elementor-element-68eae6c e-con-full ec21_e_container_content e-flex e-con e-parent\" data-id=\"68eae6c\" data-element_type=\"container\" data-e-type=\"container\" data-settings=\"{&quot;background_background&quot;:&quot;classic&quot;}\">\n\t\t<div class=\"elementor-element elementor-element-2d7ee77 e-con-full e-flex e-con e-parent\" data-id=\"2d7ee77\" data-element_type=\"container\" data-e-type=\"container\">\n\t\t\t\t<div class=\"elementor-element elementor-element-fd77daa elementor-widget elementor-widget-ecoclime_anchor_heading\" data-id=\"fd77daa\" data-element_type=\"widget\" data-e-type=\"widget\" data-widget_type=\"ecoclime_anchor_heading.default\">\n\t\t\t\t<div class=\"elementor-widget-container\">\n\t\t\t\t\t\t\t<h2 class=\"ec21_anchor_heading\" id=\"storsta_agare\" data-light-menu=\"on\" data-visible-menu=\"on\" data-contact-card=\"off\">\n\t\t\tSt\u00f6rsta \u00e4gare\t\t<\/h2>\n\t\t\t\t\t\t<\/div>\n\t\t\t\t<\/div>\n\t\t\t\t<\/div>\n\t\t<div class=\"elementor-element elementor-element-fb4f757 e-con-full e-flex e-con e-parent\" data-id=\"fb4f757\" data-element_type=\"container\" data-e-type=\"container\">\n\t\t\t\t<div class=\"elementor-element elementor-element-f60c64b elementor-widget elementor-widget-shortcode\" data-id=\"f60c64b\" data-element_type=\"widget\" data-e-type=\"widget\" data-widget_type=\"shortcode.default\">\n\t\t\t\t<div class=\"elementor-widget-container\">\n\t\t\t\t\t\t\t<div class=\"elementor-shortcode\">\t<iframe allowtransparency=\"true\" marginheight=\"0\" marginwidth=\"0\" class=\"responsive\" id=\"shareholders_se\"\n\tsrc=\"https:\/\/irs.tools.investis.com\/Clients\/sv\/ecoclime\/ShareHolder\/ShareHolder.html?culture=sv-SE\" frameborder=\"0\" height=\"1000\"\n\twidth=\"100%\"><\/iframe>\n\t<\/div>\n\t\t\t\t\t\t<\/div>\n\t\t\t\t<\/div>\n\t\t\t\t<\/div>\n\t\t\t\t<\/div>\n\t\t\t\t\t<\/div>\n\t\t\t\t<\/div>\n\t\t\t\t<\/div>\n\t\t","protected":false},"excerpt":{"rendered":"<p>Ecoclime Ankare MenyVisar automatiskt ankare-rubiker f\u00f6r bes\u00f6kare. Vill du veta mer? Prata med Hans Aulin: hans.aulin@ecoclime.se\/en Aktien Aktien \u00e4r listad p\u00e5 Nasdaq First North Premier Growth Market under kortnamnet ECC B. Certified Adviser \u00e4r FNCA Sweden AB. Kursgraf St\u00f6rsta \u00e4gare<\/p>\n","protected":false},"author":3,"featured_media":0,"parent":4071,"menu_order":0,"comment_status":"closed","ping_status":"closed","template":"","meta":{"_acf_changed":false,"footnotes":""},"class_list":["post-4325","page","type-page","status-publish","hentry"],"acf":[],"_links":{"self":[{"href":"https:\/\/ecoclime.se\/en\/wp-json\/wp\/v2\/pages\/4325","targetHints":{"allow":["GET"]}}],"collection":[{"href":"https:\/\/ecoclime.se\/en\/wp-json\/wp\/v2\/pages"}],"about":[{"href":"https:\/\/ecoclime.se\/en\/wp-json\/wp\/v2\/types\/page"}],"author":[{"embeddable":true,"href":"https:\/\/ecoclime.se\/en\/wp-json\/wp\/v2\/users\/3"}],"replies":[{"embeddable":true,"href":"https:\/\/ecoclime.se\/en\/wp-json\/wp\/v2\/comments?post=4325"}],"version-history":[{"count":26,"href":"https:\/\/ecoclime.se\/en\/wp-json\/wp\/v2\/pages\/4325\/revisions"}],"predecessor-version":[{"id":9786,"href":"https:\/\/ecoclime.se\/en\/wp-json\/wp\/v2\/pages\/4325\/revisions\/9786"}],"up":[{"embeddable":true,"href":"https:\/\/ecoclime.se\/en\/wp-json\/wp\/v2\/pages\/4071"}],"wp:attachment":[{"href":"https:\/\/ecoclime.se\/en\/wp-json\/wp\/v2\/media?parent=4325"}],"curies":[{"name":"wp","href":"https:\/\/api.w.org\/{rel}","templated":true}]}}