{"id":8266,"date":"2022-12-12T10:56:57","date_gmt":"2022-12-12T09:56:57","guid":{"rendered":"https:\/\/ecoclime.se\/de\/?page_id=8266"},"modified":"2025-12-29T14:02:46","modified_gmt":"2025-12-29T13:02:46","slug":"ingaende-bolag","status":"publish","type":"page","link":"https:\/\/ecoclime.se\/de\/om-oss\/ingaende-bolag\/","title":{"rendered":"Teilnehmende Unternehmen"},"content":{"rendered":"\t\t<div data-elementor-type=\"wp-page\" data-elementor-id=\"8266\" class=\"elementor elementor-8266\" data-elementor-post-type=\"page\">\n\t\t\t\t<div class=\"elementor-element elementor-element-211df00f ec21_sub_page_hero e-flex e-con-boxed e-con e-parent\" data-id=\"211df00f\" data-element_type=\"container\" data-e-type=\"container\" data-settings=\"{&quot;background_background&quot;:&quot;classic&quot;}\">\n\t\t\t\t\t<div class=\"e-con-inner\">\n\t\t<div class=\"elementor-element elementor-element-ec9c981 ec21_e_container_content e-flex e-con-boxed e-con e-child\" data-id=\"ec9c981\" data-element_type=\"container\" data-e-type=\"container\">\n\t\t\t\t\t<div class=\"e-con-inner\">\n\t\t<div class=\"elementor-element elementor-element-66633db2 e-con-full e-flex e-con e-child\" data-id=\"66633db2\" data-element_type=\"container\" data-e-type=\"container\">\n\t\t\t\t<div class=\"elementor-element elementor-element-258a3ac1 elementor-widget elementor-widget-ecoclime_anchor_menu\" data-id=\"258a3ac1\" data-element_type=\"widget\" data-e-type=\"widget\" data-widget_type=\"ecoclime_anchor_menu.default\">\n\t\t\t\t<div class=\"elementor-widget-container\">\n\t\t\t\t\t\t\t<div id=\"ec21_anchor_menu_placeholder\" class=\"off\">\n\t\t\t<nav id=\"ec21_anchor_menu\" class=\"icey_disable\">\n\t\t\t\t<button class=\"ec21_anchor_menu_mobile\">\n\t\t\t\t\t<div class=\"icey_menu_toogle\">\n\t\t\t\t\t\t<span><\/span>\n\t\t\t\t\t\t<span><\/span>\n\t\t\t\t\t\t<span><\/span>\n\t\t\t\t\t<\/div>\n\t\t\t\t<\/button>\n\t\t\t\t<ul class=\"ec21_anchor_menu_inside\"><li><b>Ecoclime Ankare Meny<\/b><span style=\"display: inline-block; margin-top: 10px; font-size: 12px; line-height: 1.2em;\">Visar automatiskt ankare-rubiker f\u00f6r bes\u00f6kare.<\/span><\/li><\/ul>\n\t\t\t<\/nav>\n\t\t\t\t\t\t\t<div id=\"ec21_anchor_menu_contact\">\n\t\t\t\t\t<span class=\"ec21_menu_contact_headline\">M\u00f6chten Sie mehr wissen?<\/span>\n\t\t\t\t\t<div class=\"ec21_contact\">\n\t\t\t\t\t\t<img decoding=\"async\" src=\"https:\/\/ecoclime.se\/de\/wp-content\/uploads\/sites\/3\/2025\/09\/Robert-Aldrich-600x600-Closer-300x300-1.webp\" alt=\"Bild p\u00e5 Robert Aldrich\">\n\t\t\t\t\t\t<div class=\"ec21_contact_info\">\n\t\t\t\t\t\t\t<span>Sprich mit Robert Aldrich:<\/span>\n\t\t\t\t\t\t\t<a href=\"tel:\"><\/a>\n\t\t\t\t\t\t\t<a href=\"mailto:robert.aldrich@ecoclime.se\">robert.aldrich@ecoclime.se<\/a>\n\t\t\t\t\t\t<\/div>\n\t\t\t\t\t<\/div>\n\t\t\t\t<\/div>\n\t\t\t\t\t\t<\/div>\n\t\t\t\t\t\t<\/div>\n\t\t\t\t<\/div>\n\t\t\t\t<\/div>\n\t\t<div class=\"elementor-element elementor-element-5e1ef4c7 e-con-full e-flex e-con e-child\" data-id=\"5e1ef4c7\" data-element_type=\"container\" data-e-type=\"container\">\n\t\t\t\t<div class=\"elementor-element elementor-element-7172cbae elementor-widget elementor-widget-heading\" data-id=\"7172cbae\" data-element_type=\"widget\" data-e-type=\"widget\" data-widget_type=\"heading.default\">\n\t\t\t\t<div class=\"elementor-widget-container\">\n\t\t\t\t\t<h1 class=\"elementor-heading-title elementor-size-default\">Einbezogene Unternehmen<\/h1>\t\t\t\t<\/div>\n\t\t\t\t<\/div>\n\t\t\t\t<div class=\"elementor-element elementor-element-2e427a83 elementor-widget elementor-widget-text-editor\" data-id=\"2e427a83\" data-element_type=\"widget\" data-e-type=\"widget\" data-widget_type=\"text-editor.default\">\n\t\t\t\t<div class=\"elementor-widget-container\">\n\t\t\t\t\t\t\t\t\t<p>Die Ecoclime Group erwirbt, betreibt und entwickelt Branchenunternehmen und engagiert sich in der gesamten Wertsch\u00f6pfungskette von Innovation und Produktherstellung bis hin zu Installation, Betrieb und Service.<\/p>\t\t\t\t\t\t\t\t<\/div>\n\t\t\t\t<\/div>\n\t\t\t\t<\/div>\n\t\t\t\t\t<\/div>\n\t\t\t\t<\/div>\n\t\t\t\t\t<\/div>\n\t\t\t\t<\/div>\n\t\t<div class=\"elementor-element elementor-element-ba7f98c ec21_e_c_references e-flex e-con-boxed e-con e-parent\" data-id=\"ba7f98c\" data-element_type=\"container\" data-e-type=\"container\" data-settings=\"{&quot;background_background&quot;:&quot;classic&quot;}\">\n\t\t\t\t\t<div class=\"e-con-inner\">\n\t\t<div class=\"elementor-element elementor-element-7eecbcb8 e-con-full ec21_e_container_content e-flex e-con e-child\" data-id=\"7eecbcb8\" data-element_type=\"container\" data-e-type=\"container\">\n\t\t<div class=\"elementor-element elementor-element-39fb51dd e-con-full e-flex e-con e-child\" data-id=\"39fb51dd\" data-element_type=\"container\" data-e-type=\"container\">\n\t\t\t\t<div class=\"elementor-element elementor-element-15a62429 elementor-widget elementor-widget-ecoclime_anchor_heading\" data-id=\"15a62429\" data-element_type=\"widget\" data-e-type=\"widget\" data-widget_type=\"ecoclime_anchor_heading.default\">\n\t\t\t\t<div class=\"elementor-widget-container\">\n\t\t\t\t\t\t\t<h2 class=\"ec21_anchor_heading\" id=\"bolag\" data-light-menu=\"on\" data-visible-menu=\"on\" data-contact-card=\"on\">\n\t\t\tPartizipierende Unternehmen\t\t<\/h2>\n\t\t\t\t\t\t<\/div>\n\t\t\t\t<\/div>\n\t\t\t\t<\/div>\n\t\t<div class=\"elementor-element elementor-element-265de894 e-con-full e-flex e-con e-child\" data-id=\"265de894\" data-element_type=\"container\" data-e-type=\"container\">\n\t\t<div class=\"elementor-element elementor-element-638f557 e-con-full e-flex e-con e-child\" data-id=\"638f557\" data-element_type=\"container\" data-e-type=\"container\" data-settings=\"{&quot;background_background&quot;:&quot;classic&quot;}\">\n\t\t\t\t<div class=\"elementor-element elementor-element-78ded63 elementor-widget elementor-widget-image\" data-id=\"78ded63\" data-element_type=\"widget\" data-e-type=\"widget\" data-widget_type=\"image.default\">\n\t\t\t\t<div class=\"elementor-widget-container\">\n\t\t\t\t\t\t\t\t\t\t\t\t\t\t\t<img decoding=\"async\" width=\"266\" height=\"23\" src=\"https:\/\/ecoclime.se\/de\/wp-content\/uploads\/sites\/3\/2022\/07\/teamwessman-logo-pos.svg\" class=\"attachment-large size-large wp-image-5980\" alt=\"\" \/>\t\t\t\t\t\t\t\t\t\t\t\t\t\t\t<\/div>\n\t\t\t\t<\/div>\n\t\t\t\t<div class=\"elementor-element elementor-element-d1c84f9 elementor-widget elementor-widget-text-editor\" data-id=\"d1c84f9\" data-element_type=\"widget\" data-e-type=\"widget\" data-widget_type=\"text-editor.default\">\n\t\t\t\t<div class=\"elementor-widget-container\">\n\t\t\t\t\t\t\t\t\t<p><span style=\"text-align: var(--text-align);\"><b>Team Wessman<\/b><\/span><\/p><p>Team Wessman ist ein Tochterunternehmen der Ecoclime Group, das Dienstleistungen rund um Geothermieanbietet.<\/p>\t\t\t\t\t\t\t\t<\/div>\n\t\t\t\t<\/div>\n\t\t\t\t<div class=\"elementor-element elementor-element-faa800a ec21_arrow_button_1 elementor-widget elementor-widget-button\" data-id=\"faa800a\" data-element_type=\"widget\" data-e-type=\"widget\" data-widget_type=\"button.default\">\n\t\t\t\t<div class=\"elementor-widget-container\">\n\t\t\t\t\t\t\t\t\t<div class=\"elementor-button-wrapper\">\n\t\t\t\t\t<a class=\"elementor-button elementor-button-link elementor-size-sm\" href=\"https:\/\/teamwessman.se\">\n\t\t\t\t\t\t<span class=\"elementor-button-content-wrapper\">\n\t\t\t\t\t\t<span class=\"elementor-button-icon\">\n\t\t\t\t<svg xmlns=\"http:\/\/www.w3.org\/2000\/svg\" id=\"e21_arrow_1\" data-name=\"E21 Arrow 1\" viewBox=\"0 0 25.62 16.01\"><path id=\"E21_arrow_path\" data-name=\"E21 Arrow Path\" class=\"e21_svg_arrow\" d=\"M23.78,8.6l-8,6.66.69.82,9.61-8-9.61-8-.69.82,8,6.66H.41V8.6Z\" transform=\"translate(-0.41 -0.06)\"><\/path><\/svg>\t\t\t<\/span>\n\t\t\t\t\t\t\t\t\t<span class=\"elementor-button-text\">Homepage von Team Wessman<\/span>\n\t\t\t\t\t<\/span>\n\t\t\t\t\t<\/a>\n\t\t\t\t<\/div>\n\t\t\t\t\t\t\t\t<\/div>\n\t\t\t\t<\/div>\n\t\t\t\t<\/div>\n\t\t<div class=\"elementor-element elementor-element-0a3778e e-con-full e-flex e-con e-child\" data-id=\"0a3778e\" data-element_type=\"container\" data-e-type=\"container\" data-settings=\"{&quot;background_background&quot;:&quot;classic&quot;}\">\n\t\t\t\t<div class=\"elementor-element elementor-element-26a1107 elementor-widget elementor-widget-image\" data-id=\"26a1107\" data-element_type=\"widget\" data-e-type=\"widget\" data-widget_type=\"image.default\">\n\t\t\t\t<div class=\"elementor-widget-container\">\n\t\t\t\t\t\t\t\t\t\t\t\t\t\t\t<img fetchpriority=\"high\" decoding=\"async\" width=\"662\" height=\"131\" src=\"https:\/\/ecoclime.se\/de\/wp-content\/uploads\/sites\/3\/2025\/11\/ecoclime-logo-blue-pos.png\" class=\"attachment-large size-large wp-image-9791\" alt=\"\" srcset=\"https:\/\/ecoclime.se\/de\/wp-content\/uploads\/sites\/3\/2025\/11\/ecoclime-logo-blue-pos.png 662w, https:\/\/ecoclime.se\/de\/wp-content\/uploads\/sites\/3\/2025\/11\/ecoclime-logo-blue-pos-600x119.png 600w\" sizes=\"(max-width: 662px) 100vw, 662px\" \/>\t\t\t\t\t\t\t\t\t\t\t\t\t\t\t<\/div>\n\t\t\t\t<\/div>\n\t\t\t\t<div class=\"elementor-element elementor-element-ceb159c elementor-widget elementor-widget-text-editor\" data-id=\"ceb159c\" data-element_type=\"widget\" data-e-type=\"widget\" data-widget_type=\"text-editor.default\">\n\t\t\t\t<div class=\"elementor-widget-container\">\n\t\t\t\t\t\t\t\t\t<p><strong>Ecoclime Production AB<\/strong><\/p><p>Teil der <strong>Ecoclime Group AB<\/strong> und produziert und installiert <strong>Evertherm<\/strong>.<\/p>\t\t\t\t\t\t\t\t<\/div>\n\t\t\t\t<\/div>\n\t\t\t\t<div class=\"elementor-element elementor-element-ebda0c0 ec21_arrow_button_1 elementor-widget elementor-widget-button\" data-id=\"ebda0c0\" data-element_type=\"widget\" data-e-type=\"widget\" data-widget_type=\"button.default\">\n\t\t\t\t<div class=\"elementor-widget-container\">\n\t\t\t\t\t\t\t\t\t<div class=\"elementor-button-wrapper\">\n\t\t\t\t\t<a class=\"elementor-button elementor-button-link elementor-size-sm\" href=\"https:\/\/ecoclime.se\/de\/evertherm\/\">\n\t\t\t\t\t\t<span class=\"elementor-button-content-wrapper\">\n\t\t\t\t\t\t<span class=\"elementor-button-icon\">\n\t\t\t\t<svg xmlns=\"http:\/\/www.w3.org\/2000\/svg\" id=\"e21_arrow_1\" data-name=\"E21 Arrow 1\" viewBox=\"0 0 25.62 16.01\"><path id=\"E21_arrow_path\" data-name=\"E21 Arrow Path\" class=\"e21_svg_arrow\" d=\"M23.78,8.6l-8,6.66.69.82,9.61-8-9.61-8-.69.82,8,6.66H.41V8.6Z\" transform=\"translate(-0.41 -0.06)\"><\/path><\/svg>\t\t\t<\/span>\n\t\t\t\t\t\t\t\t\t<span class=\"elementor-button-text\">Mehr \u00fcber Evertherm<\/span>\n\t\t\t\t\t<\/span>\n\t\t\t\t\t<\/a>\n\t\t\t\t<\/div>\n\t\t\t\t\t\t\t\t<\/div>\n\t\t\t\t<\/div>\n\t\t\t\t<\/div>\n\t\t<div class=\"elementor-element elementor-element-021a969 e-con-full e-flex e-con e-child\" data-id=\"021a969\" data-element_type=\"container\" data-e-type=\"container\" data-settings=\"{&quot;background_background&quot;:&quot;classic&quot;}\">\n\t\t\t\t<div class=\"elementor-element elementor-element-cc46c74 elementor-widget elementor-widget-image\" data-id=\"cc46c74\" data-element_type=\"widget\" data-e-type=\"widget\" data-widget_type=\"image.default\">\n\t\t\t\t<div class=\"elementor-widget-container\">\n\t\t\t\t\t\t\t\t\t\t\t\t\t\t\t<img decoding=\"async\" width=\"160\" height=\"112\" src=\"https:\/\/ecoclime.se\/de\/wp-content\/uploads\/sites\/3\/2025\/11\/kvs-montage-logo.webp\" class=\"attachment-full size-full wp-image-9796\" alt=\"\" \/>\t\t\t\t\t\t\t\t\t\t\t\t\t\t\t<\/div>\n\t\t\t\t<\/div>\n\t\t\t\t<div class=\"elementor-element elementor-element-06282b9 elementor-widget elementor-widget-text-editor\" data-id=\"06282b9\" data-element_type=\"widget\" data-e-type=\"widget\" data-widget_type=\"text-editor.default\">\n\t\t\t\t<div class=\"elementor-widget-container\">\n\t\t\t\t\t\t\t\t\t<p><strong>KVS Montage<\/strong><\/p><p>KVS Montage ist eine Tochtergesellschaft der Ecoclime-Gruppe und bietet sichere und umweltfreundliche Qualit\u00e4tsinstallationen in den Bereichen K\u00fchlung, L\u00fcftung, Steuerung und Regelung an.<\/p>\t\t\t\t\t\t\t\t<\/div>\n\t\t\t\t<\/div>\n\t\t\t\t<div class=\"elementor-element elementor-element-a3b1fcd ec21_arrow_button_1 elementor-widget elementor-widget-button\" data-id=\"a3b1fcd\" data-element_type=\"widget\" data-e-type=\"widget\" data-widget_type=\"button.default\">\n\t\t\t\t<div class=\"elementor-widget-container\">\n\t\t\t\t\t\t\t\t\t<div class=\"elementor-button-wrapper\">\n\t\t\t\t\t<a class=\"elementor-button elementor-button-link elementor-size-sm\" href=\"https:\/\/www.kvs.se\/\">\n\t\t\t\t\t\t<span class=\"elementor-button-content-wrapper\">\n\t\t\t\t\t\t<span class=\"elementor-button-icon\">\n\t\t\t\t<svg xmlns=\"http:\/\/www.w3.org\/2000\/svg\" id=\"e21_arrow_1\" data-name=\"E21 Arrow 1\" viewBox=\"0 0 25.62 16.01\"><path id=\"E21_arrow_path\" data-name=\"E21 Arrow Path\" class=\"e21_svg_arrow\" d=\"M23.78,8.6l-8,6.66.69.82,9.61-8-9.61-8-.69.82,8,6.66H.41V8.6Z\" transform=\"translate(-0.41 -0.06)\"><\/path><\/svg>\t\t\t<\/span>\n\t\t\t\t\t\t\t\t\t<span class=\"elementor-button-text\">Homepage von KVS Montage<\/span>\n\t\t\t\t\t<\/span>\n\t\t\t\t\t<\/a>\n\t\t\t\t<\/div>\n\t\t\t\t\t\t\t\t<\/div>\n\t\t\t\t<\/div>\n\t\t\t\t<\/div>\n\t\t<div class=\"elementor-element elementor-element-535c112 e-con-full e-flex e-con e-child\" data-id=\"535c112\" data-element_type=\"container\" data-e-type=\"container\" data-settings=\"{&quot;background_background&quot;:&quot;classic&quot;}\">\n\t\t\t\t<div class=\"elementor-element elementor-element-a741a12 elementor-widget elementor-widget-text-editor\" data-id=\"a741a12\" data-element_type=\"widget\" data-e-type=\"widget\" data-widget_type=\"text-editor.default\">\n\t\t\t\t<div class=\"elementor-widget-container\">\n\t\t\t\t\t\t\t\t\t<p><b>Sonstige Unternehmen<\/b><\/p><p>Im Konzern sind auch Ecoclime Facility Partner AB enthalten.<\/p>\t\t\t\t\t\t\t\t<\/div>\n\t\t\t\t<\/div>\n\t\t\t\t<\/div>\n\t\t\t\t<\/div>\n\t\t\t\t<\/div>\n\t\t\t\t\t<\/div>\n\t\t\t\t<\/div>\n\t\t\t\t<\/div>\n\t\t","protected":false},"excerpt":{"rendered":"<p>Ecoclime Ankare MenyVisar automatiskt ankare-rubiker f\u00f6r bes\u00f6kare. M\u00f6chten Sie mehr wissen? Sprich mit Robert Aldrich: robert.aldrich@ecoclime.se Einbezogene Unternehmen Die Ecoclime Group erwirbt, betreibt und entwickelt Branchenunternehmen und engagiert sich in der gesamten Wertsch\u00f6pfungskette von Innovation und Produktherstellung bis hin zu Installation, Betrieb und Service. Partizipierende Unternehmen Team Wessman Team Wessman ist ein Tochterunternehmen der Ecoclime [&hellip;]<\/p>\n","protected":false},"author":3,"featured_media":0,"parent":6107,"menu_order":0,"comment_status":"closed","ping_status":"closed","template":"","meta":{"_acf_changed":false,"footnotes":""},"class_list":["post-8266","page","type-page","status-publish","hentry"],"acf":[],"_links":{"self":[{"href":"https:\/\/ecoclime.se\/de\/wp-json\/wp\/v2\/pages\/8266","targetHints":{"allow":["GET"]}}],"collection":[{"href":"https:\/\/ecoclime.se\/de\/wp-json\/wp\/v2\/pages"}],"about":[{"href":"https:\/\/ecoclime.se\/de\/wp-json\/wp\/v2\/types\/page"}],"author":[{"embeddable":true,"href":"https:\/\/ecoclime.se\/de\/wp-json\/wp\/v2\/users\/3"}],"replies":[{"embeddable":true,"href":"https:\/\/ecoclime.se\/de\/wp-json\/wp\/v2\/comments?post=8266"}],"version-history":[{"count":30,"href":"https:\/\/ecoclime.se\/de\/wp-json\/wp\/v2\/pages\/8266\/revisions"}],"predecessor-version":[{"id":9808,"href":"https:\/\/ecoclime.se\/de\/wp-json\/wp\/v2\/pages\/8266\/revisions\/9808"}],"up":[{"embeddable":true,"href":"https:\/\/ecoclime.se\/de\/wp-json\/wp\/v2\/pages\/6107"}],"wp:attachment":[{"href":"https:\/\/ecoclime.se\/de\/wp-json\/wp\/v2\/media?parent=8266"}],"curies":[{"name":"wp","href":"https:\/\/api.w.org\/{rel}","templated":true}]}}