{"id":7003,"date":"2022-07-10T12:44:42","date_gmt":"2022-07-10T10:44:42","guid":{"rendered":"https:\/\/ecoclime.se\/de\/?page_id=7003"},"modified":"2025-10-22T09:10:03","modified_gmt":"2025-10-22T07:10:03","slug":"kontakt","status":"publish","type":"page","link":"https:\/\/ecoclime.se\/de\/kontakt\/","title":{"rendered":"Kontakt"},"content":{"rendered":"\t\t<div data-elementor-type=\"wp-page\" data-elementor-id=\"7003\" class=\"elementor elementor-7003\" data-elementor-post-type=\"page\">\n\t\t\t\t<div class=\"elementor-element elementor-element-0986258 e-flex e-con-boxed e-con e-parent\" data-id=\"0986258\" data-element_type=\"container\" data-e-type=\"container\">\n\t\t\t\t\t<div class=\"e-con-inner\">\n\t\t<div class=\"elementor-element elementor-element-78b998b ec21_ref_puff e-con-full e-flex e-con e-child\" data-id=\"78b998b\" data-element_type=\"container\" data-e-type=\"container\">\n\t\t\t\t<div class=\"elementor-element elementor-element-258774f elementor-widget elementor-widget-heading\" data-id=\"258774f\" data-element_type=\"widget\" data-e-type=\"widget\" data-widget_type=\"heading.default\">\n\t\t\t\t<div class=\"elementor-widget-container\">\n\t\t\t\t\t<h2 class=\"elementor-heading-title elementor-size-default\"><b>Besuchsadresse<\/b><\/h2>\t\t\t\t<\/div>\n\t\t\t\t<\/div>\n\t\t\t\t<div class=\"elementor-element elementor-element-d6674d1 elementor-widget elementor-widget-text-editor\" data-id=\"d6674d1\" data-element_type=\"widget\" data-e-type=\"widget\" data-widget_type=\"text-editor.default\">\n\t\t\t\t<div class=\"elementor-widget-container\">\n\t\t\t\t\t\t\t\t\t<p><strong data-start=\"1013\" data-end=\"1028\">Ecoclime Group AB<\/strong><br data-start=\"1028\" data-end=\"1031\" \/>Drottninggatan 32, 8 tr<br data-start=\"1054\" data-end=\"1057\" \/>111 51 Stockholm, Schweden<\/p>\t\t\t\t\t\t\t\t<\/div>\n\t\t\t\t<\/div>\n\t\t<div class=\"elementor-element elementor-element-57374a0 e-con-full e-grid e-con e-child\" data-id=\"57374a0\" data-element_type=\"container\" data-e-type=\"container\">\n\t\t\t\t<div class=\"elementor-element elementor-element-994ec1f elementor-widget elementor-widget-html\" data-id=\"994ec1f\" data-element_type=\"widget\" data-e-type=\"widget\" data-widget_type=\"html.default\">\n\t\t\t\t<div class=\"elementor-widget-container\">\n\t\t\t\t\t<div class=\"embed-map-responsive\"><div class=\"embed-map-container\"><iframe class=\"embed-map-frame\" frameborder=\"0\" scrolling=\"no\" marginheight=\"0\" marginwidth=\"0\" src=\"https:\/\/maps.google.com\/maps?width=600&height=400&hl=en&q=Ecoclime%20Drottningat&t=&z=14&ie=UTF8&iwloc=B&output=embed\"><\/iframe><a href=\"https:\/\/cartoongames.io\/channel\/cartoon-network\" style=\"font-size:2px!important;color:gray!important;position:absolute;bottom:0;left:0;z-index:1;max-height:10px;overflow:hidden\">Cartoon Network Games<\/a><a href=\"https:\/\/map-embed.org\" style=\"font-size:2px!important;color:gray!important;position:absolute;bottom:0;left:0;z-index:1;max-height:10px;overflow:hidden\">google maps generator<\/a><\/div><style>.embed-map-responsive{position:relative;text-align:right;width:100%;height:0;padding-bottom:66.66666666666666%;}.embed-map-container{overflow:hidden;background:none!important;width:100%;height:100%;position:absolute;top:0;left:0;}.embed-map-frame{width:100%!important;height:100%!important;position:absolute;top:0;left:0;}<\/style><\/div>\t\t\t\t<\/div>\n\t\t\t\t<\/div>\n\t\t\t\t<\/div>\n\t\t\t\t<div class=\"elementor-element elementor-element-3049d58 elementor-widget elementor-widget-heading\" data-id=\"3049d58\" data-element_type=\"widget\" data-e-type=\"widget\" data-widget_type=\"heading.default\">\n\t\t\t\t<div class=\"elementor-widget-container\">\n\t\t\t\t\t<h2 class=\"elementor-heading-title elementor-size-default\"><b>Kontaktieren Sie uns<\/b><\/h2>\t\t\t\t<\/div>\n\t\t\t\t<\/div>\n\t\t\t\t<div class=\"elementor-element elementor-element-4635ce6 elementor-widget elementor-widget-text-editor\" data-id=\"4635ce6\" data-element_type=\"widget\" data-e-type=\"widget\" data-widget_type=\"text-editor.default\">\n\t\t\t\t<div class=\"elementor-widget-container\">\n\t\t\t\t\t\t\t\t\t<p><strong>Haben Sie Fragen oder m\u00f6chten Sie mit uns Kontakt aufnehmen?<\/strong><\/p><p>Senden Sie eine E-Mail an <a href=\"mailto:info@ecoclime.se\"><strong>info@ecoclime.se<\/strong><\/a> und wir melden uns schnellstm\u00f6glich bei Ihnen!<\/p><p>Wenn Sie uns bez\u00fcglich <a href=\"https:\/\/ecoclime.se\/de\/evertherm\/\"><strong>Evertherm<\/strong><\/a> kontaktieren m\u00f6chten, f\u00fcllen Sie bitte das untenstehende Formular aus.<\/p>\t\t\t\t\t\t\t\t<\/div>\n\t\t\t\t<\/div>\n\t\t\t\t<div class=\"elementor-element elementor-element-e4a53d2 elementor-widget elementor-widget-html\" data-id=\"e4a53d2\" data-element_type=\"widget\" data-e-type=\"widget\" data-widget_type=\"html.default\">\n\t\t\t\t<div class=\"elementor-widget-container\">\n\t\t\t\t\t<iframe src=\"https:\/\/pages.upsales.com\/12787u65a9feeed14d4ce69c575308bab72486-frame\" \t\twidth=\"360\" \t\theight=\"1107\" \t\tstyle=\"border:0\"><\/iframe>\t\t\t\t<\/div>\n\t\t\t\t<\/div>\n\t\t\t\t<\/div>\n\t\t\t\t\t<\/div>\n\t\t\t\t<\/div>\n\t\t\t\t<\/div>\n\t\t","protected":false},"excerpt":{"rendered":"<p>Besuchsadresse Ecoclime Group ABDrottninggatan 32, 8 tr111 51 Stockholm, Schweden Cartoon Network Gamesgoogle maps generator Kontaktieren Sie uns Haben Sie Fragen oder m\u00f6chten Sie mit uns Kontakt aufnehmen? Senden Sie eine E-Mail an info@ecoclime.se und wir melden uns schnellstm\u00f6glich bei Ihnen! Wenn Sie uns bez\u00fcglich Evertherm kontaktieren m\u00f6chten, f\u00fcllen Sie bitte das untenstehende Formular aus.<\/p>\n","protected":false},"author":3,"featured_media":0,"parent":0,"menu_order":0,"comment_status":"closed","ping_status":"closed","template":"","meta":{"_acf_changed":false,"footnotes":""},"class_list":["post-7003","page","type-page","status-publish","hentry"],"acf":[],"_links":{"self":[{"href":"https:\/\/ecoclime.se\/de\/wp-json\/wp\/v2\/pages\/7003","targetHints":{"allow":["GET"]}}],"collection":[{"href":"https:\/\/ecoclime.se\/de\/wp-json\/wp\/v2\/pages"}],"about":[{"href":"https:\/\/ecoclime.se\/de\/wp-json\/wp\/v2\/types\/page"}],"author":[{"embeddable":true,"href":"https:\/\/ecoclime.se\/de\/wp-json\/wp\/v2\/users\/3"}],"replies":[{"embeddable":true,"href":"https:\/\/ecoclime.se\/de\/wp-json\/wp\/v2\/comments?post=7003"}],"version-history":[{"count":12,"href":"https:\/\/ecoclime.se\/de\/wp-json\/wp\/v2\/pages\/7003\/revisions"}],"predecessor-version":[{"id":9767,"href":"https:\/\/ecoclime.se\/de\/wp-json\/wp\/v2\/pages\/7003\/revisions\/9767"}],"wp:attachment":[{"href":"https:\/\/ecoclime.se\/de\/wp-json\/wp\/v2\/media?parent=7003"}],"curies":[{"name":"wp","href":"https:\/\/api.w.org\/{rel}","templated":true}]}}