{"id":6192,"date":"2022-07-08T09:08:12","date_gmt":"2022-07-08T07:08:12","guid":{"rendered":"https:\/\/dev21.ecoclime.se\/de\/?page_id=6192"},"modified":"2023-06-26T22:28:42","modified_gmt":"2023-06-26T20:28:42","slug":"lar-av-vara-experter","status":"publish","type":"page","link":"https:\/\/ecoclime.se\/de\/lar-av-vara-experter\/","title":{"rendered":"L\u00e4r av v\u00e5ra experter"},"content":{"rendered":"\t\t<div data-elementor-type=\"wp-page\" data-elementor-id=\"6192\" class=\"elementor elementor-6192\" data-elementor-post-type=\"page\">\n\t\t\t\t<div class=\"elementor-element elementor-element-deb9972 ec21_sub_page_hero e-flex e-con-boxed e-con e-parent\" data-id=\"deb9972\" data-element_type=\"container\" data-e-type=\"container\" data-settings=\"{&quot;background_background&quot;:&quot;classic&quot;}\">\n\t\t\t\t\t<div class=\"e-con-inner\">\n\t\t<div class=\"elementor-element elementor-element-462c64e3 ec21_e_container_content e-flex e-con-boxed e-con e-parent\" data-id=\"462c64e3\" data-element_type=\"container\" data-e-type=\"container\">\n\t\t\t\t\t<div class=\"e-con-inner\">\n\t\t<div class=\"elementor-element elementor-element-1f5e20a6 e-con-full e-flex e-con e-parent\" data-id=\"1f5e20a6\" data-element_type=\"container\" data-e-type=\"container\">\n\t\t\t\t<div class=\"elementor-element elementor-element-41edf928 elementor-widget elementor-widget-ecoclime_anchor_menu\" data-id=\"41edf928\" data-element_type=\"widget\" data-e-type=\"widget\" data-widget_type=\"ecoclime_anchor_menu.default\">\n\t\t\t\t<div class=\"elementor-widget-container\">\n\t\t\t\t\t\t\t<div id=\"ec21_anchor_menu_placeholder\" class=\"ec21_dark_links\">\n\t\t\t<nav id=\"ec21_anchor_menu\" class=\"icey_disable\">\n\t\t\t\t<button class=\"ec21_anchor_menu_mobile\">\n\t\t\t\t\t<div class=\"icey_menu_toogle\">\n\t\t\t\t\t\t<span><\/span>\n\t\t\t\t\t\t<span><\/span>\n\t\t\t\t\t\t<span><\/span>\n\t\t\t\t\t<\/div>\n\t\t\t\t<\/button>\n\t\t\t\t<ul class=\"ec21_anchor_menu_inside\"><li><b>Ecoclime Ankare Meny<\/b><span style=\"display: inline-block; margin-top: 10px; font-size: 12px; line-height: 1.2em;\">Visar automatiskt ankare-rubiker f\u00f6r bes\u00f6kare.<\/span><\/li><\/ul>\n\t\t\t<\/nav>\n\t\t\t\t\t\t\t<div id=\"ec21_anchor_menu_contact\">\n\t\t\t\t\t<span class=\"ec21_menu_contact_headline\">M\u00f6chten Sie mehr wissen?<\/span>\n\t\t\t\t\t<div class=\"ec21_contact\">\n\t\t\t\t\t\t<img decoding=\"async\" src=\"https:\/\/ecoclime.se\/de\/wp-content\/uploads\/sites\/3\/2022\/06\/jakob-skarin-crop-1-300x300-1.jpg\" alt=\"Bild p\u00e5 Jakob Skarin\">\n\t\t\t\t\t\t<div class=\"ec21_contact_info\">\n\t\t\t\t\t\t\t<span>Sprich mit Jakob Skarin:<\/span>\n\t\t\t\t\t\t\t<a href=\"tel:\"><\/a>\n\t\t\t\t\t\t\t<a href=\"mailto:jakob.skarin@ecoclime.se\">jakob.skarin@ecoclime.se<\/a>\n\t\t\t\t\t\t<\/div>\n\t\t\t\t\t<\/div>\n\t\t\t\t<\/div>\n\t\t\t\t\t\t<\/div>\n\t\t\t\t\t\t<\/div>\n\t\t\t\t<\/div>\n\t\t\t\t<\/div>\n\t\t<div class=\"elementor-element elementor-element-799e4a0f e-con-full e-flex e-con e-parent\" data-id=\"799e4a0f\" data-element_type=\"container\" data-e-type=\"container\">\n\t\t\t\t<div class=\"elementor-element elementor-element-15d6ce4a elementor-widget elementor-widget-heading\" data-id=\"15d6ce4a\" data-element_type=\"widget\" data-e-type=\"widget\" data-widget_type=\"heading.default\">\n\t\t\t\t<div class=\"elementor-widget-container\">\n\t\t\t\t\t<h1 class=\"elementor-heading-title elementor-size-default\">Lernen Sie von unseren Experten<\/h1>\t\t\t\t<\/div>\n\t\t\t\t<\/div>\n\t\t\t\t<div class=\"elementor-element elementor-element-1333be0e elementor-widget elementor-widget-text-editor\" data-id=\"1333be0e\" data-element_type=\"widget\" data-e-type=\"widget\" data-widget_type=\"text-editor.default\">\n\t\t\t\t<div class=\"elementor-widget-container\">\n\t\t\t\t\t\t\t\t\t<p>Nutzen Sie das Wissen und die Erfahrung unseres Teams aus f\u00fchrenden Expertinnen und Experten im Bereich der Energieeffizienz.<\/p>\t\t\t\t\t\t\t\t<\/div>\n\t\t\t\t<\/div>\n\t\t\t\t<\/div>\n\t\t\t\t\t<\/div>\n\t\t\t\t<\/div>\n\t\t\t\t\t<\/div>\n\t\t\t\t<\/div>\n\t\t<div class=\"elementor-element elementor-element-70c7ecf5 e-flex e-con-boxed e-con e-parent\" data-id=\"70c7ecf5\" data-element_type=\"container\" data-e-type=\"container\">\n\t\t\t\t\t<div class=\"e-con-inner\">\n\t\t<div class=\"elementor-element elementor-element-1a842cfe e-con-full ec21_e_container_content e-flex e-con e-parent\" data-id=\"1a842cfe\" data-element_type=\"container\" data-e-type=\"container\">\n\t\t<div class=\"elementor-element elementor-element-459ab110 e-con-full e-flex e-con e-parent\" data-id=\"459ab110\" data-element_type=\"container\" data-e-type=\"container\">\n\t\t\t\t<div class=\"elementor-element elementor-element-6e266f59 elementor-widget elementor-widget-ecoclime_anchor_heading\" data-id=\"6e266f59\" data-element_type=\"widget\" data-e-type=\"widget\" data-widget_type=\"ecoclime_anchor_heading.default\">\n\t\t\t\t<div class=\"elementor-widget-container\">\n\t\t\t\t\t\t\t<h2 class=\"ec21_anchor_heading\" id=\"utvalda_artiklar\" data-light-menu=\"on\" data-visible-menu=\"on\" data-contact-card=\"on\">\n\t\t\tEinblicke\t\t<\/h2>\n\t\t\t\t\t\t<\/div>\n\t\t\t\t<\/div>\n\t\t\t\t<\/div>\n\t\t<div class=\"elementor-element elementor-element-79e4fde5 e-con-full e-flex e-con e-parent\" data-id=\"79e4fde5\" data-element_type=\"container\" data-e-type=\"container\">\n\t\t\t\t<div class=\"elementor-element elementor-element-16eeb070 elementor-posts--thumbnail-top elementor-grid-3 elementor-grid-tablet-2 elementor-grid-mobile-1 elementor-widget elementor-widget-posts\" data-id=\"16eeb070\" data-element_type=\"widget\" data-e-type=\"widget\" data-settings=\"{&quot;custom_row_gap&quot;:{&quot;unit&quot;:&quot;px&quot;,&quot;size&quot;:100,&quot;sizes&quot;:[]},&quot;custom_columns&quot;:&quot;3&quot;,&quot;custom_columns_tablet&quot;:&quot;2&quot;,&quot;custom_columns_mobile&quot;:&quot;1&quot;,&quot;custom_row_gap_tablet&quot;:{&quot;unit&quot;:&quot;px&quot;,&quot;size&quot;:&quot;&quot;,&quot;sizes&quot;:[]},&quot;custom_row_gap_mobile&quot;:{&quot;unit&quot;:&quot;px&quot;,&quot;size&quot;:&quot;&quot;,&quot;sizes&quot;:[]}}\" data-widget_type=\"posts.custom\">\n\t\t\t\t<div class=\"elementor-widget-container\">\n\t\t\t\t\t      <div class=\"ecs-posts elementor-posts-container elementor-posts   elementor-grid elementor-posts--skin-custom\" data-settings=\"{&quot;current_page&quot;:1,&quot;max_num_pages&quot;:1,&quot;load_method&quot;:&quot;loadmore&quot;,&quot;widget_id&quot;:&quot;16eeb070&quot;,&quot;post_id&quot;:6192,&quot;theme_id&quot;:6192,&quot;change_url&quot;:false,&quot;reinit_js&quot;:false}\">\n      \t\t<article id=\"post-4893\" class=\"elementor-post elementor-grid-item ecs-post-loop post-4893 insight type-insight status-publish has-post-thumbnail hentry category-insikt tag-evertherm\">\n\t\t<div class=\"ecs-link-wrapper\" data-href=\"https:\/\/ecoclime.se\/de\/nachricht\/insight\/fem-fordelar-med-varmeatervinning-fran-spillvatten\/\"   >\t\t<div data-elementor-type=\"loop\" data-elementor-id=\"5641\" class=\"elementor elementor-5641 post-4893 insight type-insight status-publish has-post-thumbnail hentry category-insikt tag-evertherm\" data-elementor-post-type=\"elementor_library\">\n\t\t\t<div class=\"elementor-element elementor-element-621a4a11 e-con-full eco_reference_posts_loop_container e-flex e-con e-parent\" data-id=\"621a4a11\" data-element_type=\"container\" data-e-type=\"container\">\n\t\t<div class=\"elementor-element elementor-element-53a7b2b1 e-flex e-con-boxed e-con e-parent\" data-id=\"53a7b2b1\" data-element_type=\"container\" data-e-type=\"container\">\n\t\t\t\t\t<div class=\"e-con-inner\">\n\t\t\t\t<div class=\"elementor-element elementor-element-70bdc23d elementor-widget elementor-widget-post-info\" data-id=\"70bdc23d\" data-element_type=\"widget\" data-e-type=\"widget\" data-widget_type=\"post-info.default\">\n\t\t\t\t<div class=\"elementor-widget-container\">\n\t\t\t\t\t\t\t<ul class=\"elementor-inline-items elementor-icon-list-items elementor-post-info\">\n\t\t\t\t\t\t\t\t<li class=\"elementor-icon-list-item elementor-repeater-item-6ad75ee elementor-inline-item\" itemprop=\"about\">\n\t\t\t\t\t\t\t\t\t\t\t\t\t<span class=\"elementor-icon-list-text elementor-post-info__item elementor-post-info__item--type-terms\">\n\t\t\t\t\t\t\t\t\t\t<span class=\"elementor-post-info__terms-list\">\n\t\t\t\t<a href=\"https:\/\/ecoclime.se\/de\/nachricht\/tag\/evertherm\/\" class=\"elementor-post-info__terms-list-item\">Evertherm<\/a>\t\t\t\t<\/span>\n\t\t\t\t\t<\/span>\n\t\t\t\t\t\t\t\t<\/li>\n\t\t\t\t<\/ul>\n\t\t\t\t\t\t<\/div>\n\t\t\t\t<\/div>\n\t\t\t\t<div class=\"elementor-element elementor-element-38b30c42 elementor-widget elementor-widget-image\" data-id=\"38b30c42\" data-element_type=\"widget\" data-e-type=\"widget\" data-widget_type=\"image.default\">\n\t\t\t\t<div class=\"elementor-widget-container\">\n\t\t\t\t\t\t\t\t\t\t\t\t\t\t\t<img fetchpriority=\"high\" decoding=\"async\" width=\"600\" height=\"357\" src=\"https:\/\/ecoclime.se\/de\/wp-content\/uploads\/sites\/3\/2022\/06\/ecoclime_start-600x357.png\" class=\"attachment-medium size-medium wp-image-4885\" alt=\"\" srcset=\"https:\/\/ecoclime.se\/de\/wp-content\/uploads\/sites\/3\/2022\/06\/ecoclime_start-600x357.png 600w, https:\/\/ecoclime.se\/de\/wp-content\/uploads\/sites\/3\/2022\/06\/ecoclime_start-768x456.png 768w, https:\/\/ecoclime.se\/de\/wp-content\/uploads\/sites\/3\/2022\/06\/ecoclime_start.png 949w\" sizes=\"(max-width: 600px) 100vw, 600px\" \/>\t\t\t\t\t\t\t\t\t\t\t\t\t\t\t<\/div>\n\t\t\t\t<\/div>\n\t\t\t\t<div class=\"elementor-element elementor-element-6bade7de elementor-widget elementor-widget-heading\" data-id=\"6bade7de\" data-element_type=\"widget\" data-e-type=\"widget\" data-widget_type=\"heading.default\">\n\t\t\t\t<div class=\"elementor-widget-container\">\n\t\t\t\t\t<h3 class=\"elementor-heading-title elementor-size-default\">F\u00fcnf Vorteile der W\u00e4rmer\u00fcckgewinnung aus Abwasser<\/h3>\t\t\t\t<\/div>\n\t\t\t\t<\/div>\n\t\t\t\t<div class=\"elementor-element elementor-element-510ae1a4 elementor-widget elementor-widget-text-editor\" data-id=\"510ae1a4\" data-element_type=\"widget\" data-e-type=\"widget\" data-widget_type=\"text-editor.default\">\n\t\t\t\t<div class=\"elementor-widget-container\">\n\t\t\t\t\t\t\t\t\tIn einem typischen Mehrfamilienhaus entweicht viel Energie unn\u00f6tigerweise, wenn kein System vorhanden ist, um die Abw\u00e4rme aufzufangen und weiterzuverwenden.\t\t\t\t\t\t\t\t<\/div>\n\t\t\t\t<\/div>\n\t\t\t\t\t<\/div>\n\t\t\t\t<\/div>\n\t\t<div class=\"elementor-element elementor-element-5e566c29 e-flex e-con-boxed e-con e-parent\" data-id=\"5e566c29\" data-element_type=\"container\" data-e-type=\"container\">\n\t\t\t\t\t<div class=\"e-con-inner\">\n\t\t\t\t<div class=\"elementor-element elementor-element-7ff12a0 elementor-widget elementor-widget-button\" data-id=\"7ff12a0\" data-element_type=\"widget\" data-e-type=\"widget\" data-widget_type=\"button.default\">\n\t\t\t\t<div class=\"elementor-widget-container\">\n\t\t\t\t\t\t\t\t\t<div class=\"elementor-button-wrapper\">\n\t\t\t\t\t<a class=\"elementor-button elementor-button-link elementor-size-sm\" href=\"https:\/\/ecoclime.se\/de\/nachricht\/insight\/fem-fordelar-med-varmeatervinning-fran-spillvatten\/\">\n\t\t\t\t\t\t<span class=\"elementor-button-content-wrapper\">\n\t\t\t\t\t\t<span class=\"elementor-button-icon\">\n\t\t\t\t<svg xmlns=\"http:\/\/www.w3.org\/2000\/svg\" id=\"e21_arrow_1\" data-name=\"E21 Arrow 1\" viewBox=\"0 0 25.62 16.01\"><path id=\"E21_arrow_path\" data-name=\"E21 Arrow Path\" class=\"e21_svg_arrow\" d=\"M23.78,8.6l-8,6.66.69.82,9.61-8-9.61-8-.69.82,8,6.66H.41V8.6Z\" transform=\"translate(-0.41 -0.06)\"><\/path><\/svg>\t\t\t<\/span>\n\t\t\t\t\t\t\t\t\t<span class=\"elementor-button-text\">Weiterlesen<\/span>\n\t\t\t\t\t<\/span>\n\t\t\t\t\t<\/a>\n\t\t\t\t<\/div>\n\t\t\t\t\t\t\t\t<\/div>\n\t\t\t\t<\/div>\n\t\t\t\t\t<\/div>\n\t\t\t\t<\/div>\n\t\t\t\t<\/div>\n\t\t\t\t<\/div>\n\t\t<\/div>\t\t<\/article>\n\t\t\t\t<article id=\"post-4894\" class=\"elementor-post elementor-grid-item ecs-post-loop post-4894 insight type-insight status-publish has-post-thumbnail hentry tag-evertherm\">\n\t\t<div class=\"ecs-link-wrapper\" data-href=\"https:\/\/ecoclime.se\/de\/nachricht\/insight\/ny-energistudie-sverige-kan-spara-37-twh-per-ar\/\"   >\t\t<div data-elementor-type=\"loop\" data-elementor-id=\"5641\" class=\"elementor elementor-5641 post-4894 insight type-insight status-publish has-post-thumbnail hentry tag-evertherm\" data-elementor-post-type=\"elementor_library\">\n\t\t\t<div class=\"elementor-element elementor-element-621a4a11 e-con-full eco_reference_posts_loop_container e-flex e-con e-parent\" data-id=\"621a4a11\" data-element_type=\"container\" data-e-type=\"container\">\n\t\t<div class=\"elementor-element elementor-element-53a7b2b1 e-flex e-con-boxed e-con e-parent\" data-id=\"53a7b2b1\" data-element_type=\"container\" data-e-type=\"container\">\n\t\t\t\t\t<div class=\"e-con-inner\">\n\t\t\t\t<div class=\"elementor-element elementor-element-70bdc23d elementor-widget elementor-widget-post-info\" data-id=\"70bdc23d\" data-element_type=\"widget\" data-e-type=\"widget\" data-widget_type=\"post-info.default\">\n\t\t\t\t<div class=\"elementor-widget-container\">\n\t\t\t\t\t\t\t<ul class=\"elementor-inline-items elementor-icon-list-items elementor-post-info\">\n\t\t\t\t\t\t\t\t<li class=\"elementor-icon-list-item elementor-repeater-item-6ad75ee elementor-inline-item\" itemprop=\"about\">\n\t\t\t\t\t\t\t\t\t\t\t\t\t<span class=\"elementor-icon-list-text elementor-post-info__item elementor-post-info__item--type-terms\">\n\t\t\t\t\t\t\t\t\t\t<span class=\"elementor-post-info__terms-list\">\n\t\t\t\t<a href=\"https:\/\/ecoclime.se\/de\/nachricht\/tag\/evertherm\/\" class=\"elementor-post-info__terms-list-item\">Evertherm<\/a>\t\t\t\t<\/span>\n\t\t\t\t\t<\/span>\n\t\t\t\t\t\t\t\t<\/li>\n\t\t\t\t<\/ul>\n\t\t\t\t\t\t<\/div>\n\t\t\t\t<\/div>\n\t\t\t\t<div class=\"elementor-element elementor-element-38b30c42 elementor-widget elementor-widget-image\" data-id=\"38b30c42\" data-element_type=\"widget\" data-e-type=\"widget\" data-widget_type=\"image.default\">\n\t\t\t\t<div class=\"elementor-widget-container\">\n\t\t\t\t\t\t\t\t\t\t\t\t\t\t\t<img decoding=\"async\" width=\"600\" height=\"260\" src=\"https:\/\/ecoclime.se\/de\/wp-content\/uploads\/sites\/3\/2022\/06\/Geoenergi_hero-600x260.jpg\" class=\"attachment-medium size-medium wp-image-4997\" alt=\"\" srcset=\"https:\/\/ecoclime.se\/de\/wp-content\/uploads\/sites\/3\/2022\/06\/Geoenergi_hero-600x260.jpg 600w, https:\/\/ecoclime.se\/de\/wp-content\/uploads\/sites\/3\/2022\/06\/Geoenergi_hero-1600x694.jpg 1600w, https:\/\/ecoclime.se\/de\/wp-content\/uploads\/sites\/3\/2022\/06\/Geoenergi_hero-768x333.jpg 768w, https:\/\/ecoclime.se\/de\/wp-content\/uploads\/sites\/3\/2022\/06\/Geoenergi_hero-1536x666.jpg 1536w, https:\/\/ecoclime.se\/de\/wp-content\/uploads\/sites\/3\/2022\/06\/Geoenergi_hero.jpg 1845w\" sizes=\"(max-width: 600px) 100vw, 600px\" \/>\t\t\t\t\t\t\t\t\t\t\t\t\t\t\t<\/div>\n\t\t\t\t<\/div>\n\t\t\t\t<div class=\"elementor-element elementor-element-6bade7de elementor-widget elementor-widget-heading\" data-id=\"6bade7de\" data-element_type=\"widget\" data-e-type=\"widget\" data-widget_type=\"heading.default\">\n\t\t\t\t<div class=\"elementor-widget-container\">\n\t\t\t\t\t<h3 class=\"elementor-heading-title elementor-size-default\">Neue Energiestudie: Schweden kann 3,7 TWh pro Jahr einsparen<\/h3>\t\t\t\t<\/div>\n\t\t\t\t<\/div>\n\t\t\t\t<div class=\"elementor-element elementor-element-510ae1a4 elementor-widget elementor-widget-text-editor\" data-id=\"510ae1a4\" data-element_type=\"widget\" data-e-type=\"widget\" data-widget_type=\"text-editor.default\">\n\t\t\t\t<div class=\"elementor-widget-container\">\n\t\t\t\t\t\t\t\t\tEvertherm SEW w\u00fcrde den Energieverbrauch im schwedischen Bestand von Mehrfamilienh\u00e4usern um mindestens 3,7 TWh\/Jahr reduzieren, was 21 % des j\u00e4hrlichen Heizbedarfs im aktuellen Bestand entspricht. Dies wurde im Zuge einer Analyse des Nordic Energy Audit ermittelt.\t\t\t\t\t\t\t\t<\/div>\n\t\t\t\t<\/div>\n\t\t\t\t\t<\/div>\n\t\t\t\t<\/div>\n\t\t<div class=\"elementor-element elementor-element-5e566c29 e-flex e-con-boxed e-con e-parent\" data-id=\"5e566c29\" data-element_type=\"container\" data-e-type=\"container\">\n\t\t\t\t\t<div class=\"e-con-inner\">\n\t\t\t\t<div class=\"elementor-element elementor-element-7ff12a0 elementor-widget elementor-widget-button\" data-id=\"7ff12a0\" data-element_type=\"widget\" data-e-type=\"widget\" data-widget_type=\"button.default\">\n\t\t\t\t<div class=\"elementor-widget-container\">\n\t\t\t\t\t\t\t\t\t<div class=\"elementor-button-wrapper\">\n\t\t\t\t\t<a class=\"elementor-button elementor-button-link elementor-size-sm\" href=\"https:\/\/ecoclime.se\/de\/nachricht\/insight\/ny-energistudie-sverige-kan-spara-37-twh-per-ar\/\">\n\t\t\t\t\t\t<span class=\"elementor-button-content-wrapper\">\n\t\t\t\t\t\t<span class=\"elementor-button-icon\">\n\t\t\t\t<svg xmlns=\"http:\/\/www.w3.org\/2000\/svg\" id=\"e21_arrow_1\" data-name=\"E21 Arrow 1\" viewBox=\"0 0 25.62 16.01\"><path id=\"E21_arrow_path\" data-name=\"E21 Arrow Path\" class=\"e21_svg_arrow\" d=\"M23.78,8.6l-8,6.66.69.82,9.61-8-9.61-8-.69.82,8,6.66H.41V8.6Z\" transform=\"translate(-0.41 -0.06)\"><\/path><\/svg>\t\t\t<\/span>\n\t\t\t\t\t\t\t\t\t<span class=\"elementor-button-text\">Weiterlesen<\/span>\n\t\t\t\t\t<\/span>\n\t\t\t\t\t<\/a>\n\t\t\t\t<\/div>\n\t\t\t\t\t\t\t\t<\/div>\n\t\t\t\t<\/div>\n\t\t\t\t\t<\/div>\n\t\t\t\t<\/div>\n\t\t\t\t<\/div>\n\t\t\t\t<\/div>\n\t\t<\/div>\t\t<\/article>\n\t\t\t\t<article id=\"post-4896\" class=\"elementor-post elementor-grid-item ecs-post-loop post-4896 insight type-insight status-publish has-post-thumbnail hentry tag-evertherm\">\n\t\t<div class=\"ecs-link-wrapper\" data-href=\"https:\/\/ecoclime.se\/de\/nachricht\/insight\/oka-fastighetsvardet-och-forbattra-driftnetto-med-energiatervinning\/\"   >\t\t<div data-elementor-type=\"loop\" data-elementor-id=\"5641\" class=\"elementor elementor-5641 post-4896 insight type-insight status-publish has-post-thumbnail hentry tag-evertherm\" data-elementor-post-type=\"elementor_library\">\n\t\t\t<div class=\"elementor-element elementor-element-621a4a11 e-con-full eco_reference_posts_loop_container e-flex e-con e-parent\" data-id=\"621a4a11\" data-element_type=\"container\" data-e-type=\"container\">\n\t\t<div class=\"elementor-element elementor-element-53a7b2b1 e-flex e-con-boxed e-con e-parent\" data-id=\"53a7b2b1\" data-element_type=\"container\" data-e-type=\"container\">\n\t\t\t\t\t<div class=\"e-con-inner\">\n\t\t\t\t<div class=\"elementor-element elementor-element-70bdc23d elementor-widget elementor-widget-post-info\" data-id=\"70bdc23d\" data-element_type=\"widget\" data-e-type=\"widget\" data-widget_type=\"post-info.default\">\n\t\t\t\t<div class=\"elementor-widget-container\">\n\t\t\t\t\t\t\t<ul class=\"elementor-inline-items elementor-icon-list-items elementor-post-info\">\n\t\t\t\t\t\t\t\t<li class=\"elementor-icon-list-item elementor-repeater-item-6ad75ee elementor-inline-item\" itemprop=\"about\">\n\t\t\t\t\t\t\t\t\t\t\t\t\t<span class=\"elementor-icon-list-text elementor-post-info__item elementor-post-info__item--type-terms\">\n\t\t\t\t\t\t\t\t\t\t<span class=\"elementor-post-info__terms-list\">\n\t\t\t\t<a href=\"https:\/\/ecoclime.se\/de\/nachricht\/tag\/evertherm\/\" class=\"elementor-post-info__terms-list-item\">Evertherm<\/a>\t\t\t\t<\/span>\n\t\t\t\t\t<\/span>\n\t\t\t\t\t\t\t\t<\/li>\n\t\t\t\t<\/ul>\n\t\t\t\t\t\t<\/div>\n\t\t\t\t<\/div>\n\t\t\t\t<div class=\"elementor-element elementor-element-38b30c42 elementor-widget elementor-widget-image\" data-id=\"38b30c42\" data-element_type=\"widget\" data-e-type=\"widget\" data-widget_type=\"image.default\">\n\t\t\t\t<div class=\"elementor-widget-container\">\n\t\t\t\t\t\t\t\t\t\t\t\t\t\t\t<img decoding=\"async\" width=\"600\" height=\"399\" src=\"https:\/\/ecoclime.se\/de\/wp-content\/uploads\/sites\/3\/2022\/06\/iStock-1164588439-600x399.jpg\" class=\"attachment-medium size-medium wp-image-5440\" alt=\"\" srcset=\"https:\/\/ecoclime.se\/de\/wp-content\/uploads\/sites\/3\/2022\/06\/iStock-1164588439-600x399.jpg 600w, https:\/\/ecoclime.se\/de\/wp-content\/uploads\/sites\/3\/2022\/06\/iStock-1164588439-768x511.jpg 768w, https:\/\/ecoclime.se\/de\/wp-content\/uploads\/sites\/3\/2022\/06\/iStock-1164588439.jpg 1255w\" sizes=\"(max-width: 600px) 100vw, 600px\" \/>\t\t\t\t\t\t\t\t\t\t\t\t\t\t\t<\/div>\n\t\t\t\t<\/div>\n\t\t\t\t<div class=\"elementor-element elementor-element-6bade7de elementor-widget elementor-widget-heading\" data-id=\"6bade7de\" data-element_type=\"widget\" data-e-type=\"widget\" data-widget_type=\"heading.default\">\n\t\t\t\t<div class=\"elementor-widget-container\">\n\t\t\t\t\t<h3 class=\"elementor-heading-title elementor-size-default\">Die Energier\u00fcckgewinnung kann den Immobilienwert steigern und die Wirtschaftlichkeit verbessern<\/h3>\t\t\t\t<\/div>\n\t\t\t\t<\/div>\n\t\t\t\t<div class=\"elementor-element elementor-element-510ae1a4 elementor-widget elementor-widget-text-editor\" data-id=\"510ae1a4\" data-element_type=\"widget\" data-e-type=\"widget\" data-widget_type=\"text-editor.default\">\n\t\t\t\t<div class=\"elementor-widget-container\">\n\t\t\t\t\t\t\t\t\tKlimafreundliche Geb\u00e4ude werden immer wichtiger f\u00fcr Mieter und Hausbesitzer. Doch woher wissen Sie als Eigent\u00fcmer, dass eine Energieinvestition profitabel ist?\t\t\t\t\t\t\t\t<\/div>\n\t\t\t\t<\/div>\n\t\t\t\t\t<\/div>\n\t\t\t\t<\/div>\n\t\t<div class=\"elementor-element elementor-element-5e566c29 e-flex e-con-boxed e-con e-parent\" data-id=\"5e566c29\" data-element_type=\"container\" data-e-type=\"container\">\n\t\t\t\t\t<div class=\"e-con-inner\">\n\t\t\t\t<div class=\"elementor-element elementor-element-7ff12a0 elementor-widget elementor-widget-button\" data-id=\"7ff12a0\" data-element_type=\"widget\" data-e-type=\"widget\" data-widget_type=\"button.default\">\n\t\t\t\t<div class=\"elementor-widget-container\">\n\t\t\t\t\t\t\t\t\t<div class=\"elementor-button-wrapper\">\n\t\t\t\t\t<a class=\"elementor-button elementor-button-link elementor-size-sm\" href=\"https:\/\/ecoclime.se\/de\/nachricht\/insight\/oka-fastighetsvardet-och-forbattra-driftnetto-med-energiatervinning\/\">\n\t\t\t\t\t\t<span class=\"elementor-button-content-wrapper\">\n\t\t\t\t\t\t<span class=\"elementor-button-icon\">\n\t\t\t\t<svg xmlns=\"http:\/\/www.w3.org\/2000\/svg\" id=\"e21_arrow_1\" data-name=\"E21 Arrow 1\" viewBox=\"0 0 25.62 16.01\"><path id=\"E21_arrow_path\" data-name=\"E21 Arrow Path\" class=\"e21_svg_arrow\" d=\"M23.78,8.6l-8,6.66.69.82,9.61-8-9.61-8-.69.82,8,6.66H.41V8.6Z\" transform=\"translate(-0.41 -0.06)\"><\/path><\/svg>\t\t\t<\/span>\n\t\t\t\t\t\t\t\t\t<span class=\"elementor-button-text\">Weiterlesen<\/span>\n\t\t\t\t\t<\/span>\n\t\t\t\t\t<\/a>\n\t\t\t\t<\/div>\n\t\t\t\t\t\t\t\t<\/div>\n\t\t\t\t<\/div>\n\t\t\t\t\t<\/div>\n\t\t\t\t<\/div>\n\t\t\t\t<\/div>\n\t\t\t\t<\/div>\n\t\t<\/div>\t\t<\/article>\n\t\t\t\t<\/div>\n\t\t\t\t\t\t<\/div>\n\t\t\t\t<\/div>\n\t\t\t\t<\/div>\n\t\t\t\t<\/div>\n\t\t\t\t\t<\/div>\n\t\t\t\t<\/div>\n\t\t\t\t<\/div>\n\t\t","protected":false},"excerpt":{"rendered":"<p>Ecoclime Ankare MenyVisar automatiskt ankare-rubiker f\u00f6r bes\u00f6kare. Vill du veta mer? Prata med Jakob Skarin: 070-550 17 01 jakob.skarin@ecoclime.se\/de Lernen Sie von unseren Experten Nutzen Sie das Wissen und die Erfahrung unseres Teams aus f\u00fchrenden Expertinnen und Experten im Bereich der Energieeffizienz. Einblicke<\/p>\n","protected":false},"author":3,"featured_media":0,"parent":0,"menu_order":0,"comment_status":"closed","ping_status":"closed","template":"","meta":{"_acf_changed":false,"footnotes":""},"class_list":["post-6192","page","type-page","status-publish","hentry"],"acf":[],"_links":{"self":[{"href":"https:\/\/ecoclime.se\/de\/wp-json\/wp\/v2\/pages\/6192","targetHints":{"allow":["GET"]}}],"collection":[{"href":"https:\/\/ecoclime.se\/de\/wp-json\/wp\/v2\/pages"}],"about":[{"href":"https:\/\/ecoclime.se\/de\/wp-json\/wp\/v2\/types\/page"}],"author":[{"embeddable":true,"href":"https:\/\/ecoclime.se\/de\/wp-json\/wp\/v2\/users\/3"}],"replies":[{"embeddable":true,"href":"https:\/\/ecoclime.se\/de\/wp-json\/wp\/v2\/comments?post=6192"}],"version-history":[{"count":13,"href":"https:\/\/ecoclime.se\/de\/wp-json\/wp\/v2\/pages\/6192\/revisions"}],"predecessor-version":[{"id":9388,"href":"https:\/\/ecoclime.se\/de\/wp-json\/wp\/v2\/pages\/6192\/revisions\/9388"}],"wp:attachment":[{"href":"https:\/\/ecoclime.se\/de\/wp-json\/wp\/v2\/media?parent=6192"}],"curies":[{"name":"wp","href":"https:\/\/api.w.org\/{rel}","templated":true}]}}