{"id":6107,"date":"2022-07-07T20:59:49","date_gmt":"2022-07-07T18:59:49","guid":{"rendered":"https:\/\/dev21.ecoclime.se\/de\/?page_id=6107"},"modified":"2025-09-02T12:09:32","modified_gmt":"2025-09-02T10:09:32","slug":"om-oss","status":"publish","type":"page","link":"https:\/\/ecoclime.se\/de\/om-oss\/","title":{"rendered":"\u00dcber uns"},"content":{"rendered":"\t\t<div data-elementor-type=\"wp-page\" data-elementor-id=\"6107\" class=\"elementor elementor-6107\" data-elementor-post-type=\"page\">\n\t\t\t\t<div class=\"elementor-element elementor-element-46bde5f8 ec21_sub_page_hero e-flex e-con-boxed e-con e-parent\" data-id=\"46bde5f8\" data-element_type=\"container\" data-e-type=\"container\" data-settings=\"{&quot;background_background&quot;:&quot;classic&quot;}\">\n\t\t\t\t\t<div class=\"e-con-inner\">\n\t\t<div class=\"elementor-element elementor-element-7c4909d0 ec21_e_container_content e-flex e-con-boxed e-con e-child\" data-id=\"7c4909d0\" data-element_type=\"container\" data-e-type=\"container\">\n\t\t\t\t\t<div class=\"e-con-inner\">\n\t\t<div class=\"elementor-element elementor-element-7d8aab37 e-con-full e-flex e-con e-child\" data-id=\"7d8aab37\" data-element_type=\"container\" data-e-type=\"container\">\n\t\t\t\t<div class=\"elementor-element elementor-element-d83f995 elementor-widget elementor-widget-ecoclime_anchor_menu\" data-id=\"d83f995\" data-element_type=\"widget\" data-e-type=\"widget\" data-widget_type=\"ecoclime_anchor_menu.default\">\n\t\t\t\t<div class=\"elementor-widget-container\">\n\t\t\t\t\t\t\t<div id=\"ec21_anchor_menu_placeholder\" class=\"off\">\n\t\t\t<nav id=\"ec21_anchor_menu\" class=\"icey_disable\">\n\t\t\t\t<button class=\"ec21_anchor_menu_mobile\">\n\t\t\t\t\t<div class=\"icey_menu_toogle\">\n\t\t\t\t\t\t<span><\/span>\n\t\t\t\t\t\t<span><\/span>\n\t\t\t\t\t\t<span><\/span>\n\t\t\t\t\t<\/div>\n\t\t\t\t<\/button>\n\t\t\t\t<ul class=\"ec21_anchor_menu_inside\"><li><b>Ecoclime Ankare Meny<\/b><span style=\"display: inline-block; margin-top: 10px; font-size: 12px; line-height: 1.2em;\">Visar automatiskt ankare-rubiker f\u00f6r bes\u00f6kare.<\/span><\/li><\/ul>\n\t\t\t<\/nav>\n\t\t\t\t\t\t\t<div id=\"ec21_anchor_menu_contact\">\n\t\t\t\t\t<span class=\"ec21_menu_contact_headline\">M\u00f6chten Sie mehr wissen?<\/span>\n\t\t\t\t\t<div class=\"ec21_contact\">\n\t\t\t\t\t\t<img decoding=\"async\" src=\"https:\/\/ecoclime.se\/de\/wp-content\/uploads\/sites\/3\/2025\/09\/Robert-Aldrich-600x600-Closer-300x300-1.webp\" alt=\"Bild p\u00e5 Robert Aldrich\">\n\t\t\t\t\t\t<div class=\"ec21_contact_info\">\n\t\t\t\t\t\t\t<span>Sprich mit Robert Aldrich:<\/span>\n\t\t\t\t\t\t\t<a href=\"tel:\"><\/a>\n\t\t\t\t\t\t\t<a href=\"mailto:robert.aldrich@ecoclime.se\">robert.aldrich@ecoclime.se<\/a>\n\t\t\t\t\t\t<\/div>\n\t\t\t\t\t<\/div>\n\t\t\t\t<\/div>\n\t\t\t\t\t\t<\/div>\n\t\t\t\t\t\t<\/div>\n\t\t\t\t<\/div>\n\t\t\t\t<\/div>\n\t\t<div class=\"elementor-element elementor-element-297a6487 e-con-full e-flex e-con e-child\" data-id=\"297a6487\" data-element_type=\"container\" data-e-type=\"container\">\n\t\t\t\t<div class=\"elementor-element elementor-element-e4a1747 elementor-widget elementor-widget-heading\" data-id=\"e4a1747\" data-element_type=\"widget\" data-e-type=\"widget\" data-widget_type=\"heading.default\">\n\t\t\t\t<div class=\"elementor-widget-container\">\n\t\t\t\t\t<h1 class=\"elementor-heading-title elementor-size-default\">\u00dcber uns<\/h1>\t\t\t\t<\/div>\n\t\t\t\t<\/div>\n\t\t\t\t<div class=\"elementor-element elementor-element-769d3987 elementor-widget elementor-widget-text-editor\" data-id=\"769d3987\" data-element_type=\"widget\" data-e-type=\"widget\" data-widget_type=\"text-editor.default\">\n\t\t\t\t<div class=\"elementor-widget-container\">\n\t\t\t\t\t\t\t\t\t<p>Die Ecoclime Group bietet f\u00fchrende Produkte und Dienstleistungen im Bereich der cloudbasierten Automatisierung, zirkul\u00e4ren Energieversorgung, Bel\u00fcftung und Elektrotechnik f\u00fcr Geb\u00e4ude. Wir helfen Eigent\u00fcmern dabei, ihre Immobilien mit smarter Technologie fit f\u00fcr die Zukunft zu machen, Energie zur\u00fcckzugewinnen und nachhaltig zu beziehen, den Energieverbrauch zu optimieren und mehr Komfort f\u00fcr ihre Mieter zu schaffen.<\/p>\t\t\t\t\t\t\t\t<\/div>\n\t\t\t\t<\/div>\n\t\t\t\t<\/div>\n\t\t\t\t\t<\/div>\n\t\t\t\t<\/div>\n\t\t\t\t\t<\/div>\n\t\t\t\t<\/div>\n\t\t<div class=\"elementor-element elementor-element-6ddfe7eb ec21_e_c_references e-flex e-con-boxed e-con e-parent\" data-id=\"6ddfe7eb\" data-element_type=\"container\" data-e-type=\"container\" data-settings=\"{&quot;background_background&quot;:&quot;classic&quot;}\">\n\t\t\t\t\t<div class=\"e-con-inner\">\n\t\t<div class=\"elementor-element elementor-element-696469f e-con-full ec21_e_container_content e-flex e-con e-child\" data-id=\"696469f\" data-element_type=\"container\" data-e-type=\"container\">\n\t\t<div class=\"elementor-element elementor-element-1da3ffeb e-con-full e-flex e-con e-child\" data-id=\"1da3ffeb\" data-element_type=\"container\" data-e-type=\"container\">\n\t\t\t\t<div class=\"elementor-element elementor-element-58cce420 elementor-widget elementor-widget-ecoclime_anchor_heading\" data-id=\"58cce420\" data-element_type=\"widget\" data-e-type=\"widget\" data-widget_type=\"ecoclime_anchor_heading.default\">\n\t\t\t\t<div class=\"elementor-widget-container\">\n\t\t\t\t\t\t\t<h2 class=\"ec21_anchor_heading\" id=\"vision\" data-light-menu=\"on\" data-visible-menu=\"on\" data-contact-card=\"on\">\n\t\t\tVision\t\t<\/h2>\n\t\t\t\t\t\t<\/div>\n\t\t\t\t<\/div>\n\t\t\t\t<\/div>\n\t\t<div class=\"elementor-element elementor-element-52c74318 e-con-full e-flex e-con e-child\" data-id=\"52c74318\" data-element_type=\"container\" data-e-type=\"container\">\n\t\t\t\t<div class=\"elementor-element elementor-element-a549cbc elementor-widget elementor-widget-heading\" data-id=\"a549cbc\" data-element_type=\"widget\" data-e-type=\"widget\" data-widget_type=\"heading.default\">\n\t\t\t\t<div class=\"elementor-widget-container\">\n\t\t\t\t\t<h2 class=\"elementor-heading-title elementor-size-default\">Vision<\/h2>\t\t\t\t<\/div>\n\t\t\t\t<\/div>\n\t\t\t\t<div class=\"elementor-element elementor-element-fbb722b elementor-widget elementor-widget-text-editor\" data-id=\"fbb722b\" data-element_type=\"widget\" data-e-type=\"widget\" data-widget_type=\"text-editor.default\">\n\t\t\t\t<div class=\"elementor-widget-container\">\n\t\t\t\t\t\t\t\t\t<p><span style=\"font-size: 27.2px;\">Unsere Vision sind <strong>\u201eNull-Emissions-Geb\u00e4ude\u201c<\/strong> \u2013 Immobilien, die bei der W\u00e4rmeerzeugung vollkommen unabh\u00e4ngig sind.<\/span><\/p>\t\t\t\t\t\t\t\t<\/div>\n\t\t\t\t<\/div>\n\t\t\t\t<\/div>\n\t\t\t\t<\/div>\n\t\t\t\t\t<\/div>\n\t\t\t\t<\/div>\n\t\t<div class=\"elementor-element elementor-element-61fc6cec e-flex e-con-boxed e-con e-parent\" data-id=\"61fc6cec\" data-element_type=\"container\" data-e-type=\"container\">\n\t\t\t\t\t<div class=\"e-con-inner\">\n\t\t<div class=\"elementor-element elementor-element-747ec40c e-con-full ec21_e_container_content e-flex e-con e-child\" data-id=\"747ec40c\" data-element_type=\"container\" data-e-type=\"container\">\n\t\t<div class=\"elementor-element elementor-element-2b4755ec e-con-full e-flex e-con e-child\" data-id=\"2b4755ec\" data-element_type=\"container\" data-e-type=\"container\">\n\t\t\t\t<\/div>\n\t\t\t\t<\/div>\n\t\t\t\t\t<\/div>\n\t\t\t\t<\/div>\n\t\t<div class=\"elementor-element elementor-element-b46e937 ec21_e_c_references e-flex e-con-boxed e-con e-parent\" data-id=\"b46e937\" data-element_type=\"container\" data-e-type=\"container\" data-settings=\"{&quot;background_background&quot;:&quot;classic&quot;}\">\n\t\t\t\t\t<div class=\"e-con-inner\">\n\t\t<div class=\"elementor-element elementor-element-cbd89da e-con-full ec21_e_container_content e-flex e-con e-child\" data-id=\"cbd89da\" data-element_type=\"container\" data-e-type=\"container\">\n\t\t<div class=\"elementor-element elementor-element-d70abb5 e-con-full e-flex e-con e-child\" data-id=\"d70abb5\" data-element_type=\"container\" data-e-type=\"container\">\n\t\t\t\t<div class=\"elementor-element elementor-element-b17a2d5 elementor-widget elementor-widget-ecoclime_anchor_heading\" data-id=\"b17a2d5\" data-element_type=\"widget\" data-e-type=\"widget\" data-widget_type=\"ecoclime_anchor_heading.default\">\n\t\t\t\t<div class=\"elementor-widget-container\">\n\t\t\t\t\t\t\t<h2 class=\"ec21_anchor_heading\" id=\"strategi\" data-light-menu=\"on\" data-visible-menu=\"on\" data-contact-card=\"off\">\n\t\t\tStrategie\t\t<\/h2>\n\t\t\t\t\t\t<\/div>\n\t\t\t\t<\/div>\n\t\t\t\t<\/div>\n\t\t<div class=\"elementor-element elementor-element-361168a e-con-full e-flex e-con e-child\" data-id=\"361168a\" data-element_type=\"container\" data-e-type=\"container\">\n\t\t\t\t<div class=\"elementor-element elementor-element-e0cab89 elementor-widget elementor-widget-heading\" data-id=\"e0cab89\" data-element_type=\"widget\" data-e-type=\"widget\" data-widget_type=\"heading.default\">\n\t\t\t\t<div class=\"elementor-widget-container\">\n\t\t\t\t\t<h2 class=\"elementor-heading-title elementor-size-default\">Strategie<\/h2>\t\t\t\t<\/div>\n\t\t\t\t<\/div>\n\t\t\t\t<div class=\"elementor-element elementor-element-c7402df elementor-widget elementor-widget-text-editor\" data-id=\"c7402df\" data-element_type=\"widget\" data-e-type=\"widget\" data-widget_type=\"text-editor.default\">\n\t\t\t\t<div class=\"elementor-widget-container\">\n\t\t\t\t\t\t\t\t\t<p>Die Ecoclime Group ist eine b\u00f6rsennotierte Unternehmensgruppe mit eigenen Produkten und L\u00f6sungen in der cloudbasierten Automatisierung, zirkul\u00e4ren Energieversorgung, Bel\u00fcftung und Elektrotechnik.<\/p><p>Wir erwerben, betreiben und entwickeln f\u00fchrende Unternehmen der Branche. Dank eines klaren Modells, nach dem wir neu \u00fcbernommene Unternehmen unterst\u00fctzen und integrieren, schaffen wir nachhaltiges Wertewachstum innerhalb der Gruppe.<\/p>\t\t\t\t\t\t\t\t<\/div>\n\t\t\t\t<\/div>\n\t\t\t\t<\/div>\n\t\t\t\t<\/div>\n\t\t\t\t\t<\/div>\n\t\t\t\t<\/div>\n\t\t<div class=\"elementor-element elementor-element-c97a516 e-flex e-con-boxed e-con e-parent\" data-id=\"c97a516\" data-element_type=\"container\" data-e-type=\"container\">\n\t\t\t\t\t<div class=\"e-con-inner\">\n\t\t<div class=\"elementor-element elementor-element-2817a87 e-con-full ec21_e_container_content e-flex e-con e-child\" data-id=\"2817a87\" data-element_type=\"container\" data-e-type=\"container\">\n\t\t<div class=\"elementor-element elementor-element-e5121c0 e-con-full e-flex e-con e-child\" data-id=\"e5121c0\" data-element_type=\"container\" data-e-type=\"container\">\n\t\t\t\t<\/div>\n\t\t\t\t<\/div>\n\t\t\t\t\t<\/div>\n\t\t\t\t<\/div>\n\t\t<div class=\"elementor-element elementor-element-e3d85c3 ec21_e_c_references e-flex e-con-boxed e-con e-parent\" data-id=\"e3d85c3\" data-element_type=\"container\" data-e-type=\"container\" data-settings=\"{&quot;background_background&quot;:&quot;classic&quot;}\">\n\t\t\t\t\t<div class=\"e-con-inner\">\n\t\t<div class=\"elementor-element elementor-element-51aa084 e-con-full ec21_e_container_content e-flex e-con e-child\" data-id=\"51aa084\" data-element_type=\"container\" data-e-type=\"container\">\n\t\t<div class=\"elementor-element elementor-element-b2bfaa0 e-con-full e-flex e-con e-child\" data-id=\"b2bfaa0\" data-element_type=\"container\" data-e-type=\"container\">\n\t\t\t\t<div class=\"elementor-element elementor-element-5ae8d37 elementor-widget elementor-widget-ecoclime_anchor_heading\" data-id=\"5ae8d37\" data-element_type=\"widget\" data-e-type=\"widget\" data-widget_type=\"ecoclime_anchor_heading.default\">\n\t\t\t\t<div class=\"elementor-widget-container\">\n\t\t\t\t\t\t\t<h2 class=\"ec21_anchor_heading\" id=\"vad_vi_gor\" data-light-menu=\"on\" data-visible-menu=\"on\" data-contact-card=\"off\">\n\t\t\tUnser Engagement\t\t<\/h2>\n\t\t\t\t\t\t<\/div>\n\t\t\t\t<\/div>\n\t\t\t\t<\/div>\n\t\t<div class=\"elementor-element elementor-element-70b8233 e-con-full e-flex e-con e-child\" data-id=\"70b8233\" data-element_type=\"container\" data-e-type=\"container\">\n\t\t\t\t<div class=\"elementor-element elementor-element-f1e8f74 elementor-widget elementor-widget-heading\" data-id=\"f1e8f74\" data-element_type=\"widget\" data-e-type=\"widget\" data-widget_type=\"heading.default\">\n\t\t\t\t<div class=\"elementor-widget-container\">\n\t\t\t\t\t<h2 class=\"elementor-heading-title elementor-size-default\">Unser Engagement<\/h2>\t\t\t\t<\/div>\n\t\t\t\t<\/div>\n\t\t\t\t<div class=\"elementor-element elementor-element-ef4a7df elementor-widget elementor-widget-text-editor\" data-id=\"ef4a7df\" data-element_type=\"widget\" data-e-type=\"widget\" data-widget_type=\"text-editor.default\">\n\t\t\t\t<div class=\"elementor-widget-container\">\n\t\t\t\t\t\t\t\t\t<p>Wir sind ein Komplettanbieter, der seinen Kunden dabei hilft, den Energieverbrauch ihrer Immobilien zu senken. Mit einer Kombination von einzigartigen technologischen L\u00f6sungen und f\u00fchrenden Dienstleistungen machen wir Geb\u00e4ude durch die Nutzung erneuerbarer Energiequellen und eine Energier\u00fcckgewinnung in der Geb\u00e4udeumgebung fit f\u00fcr die Zukunft \u2013 w\u00e4hrend wir gleichzeitig das Raumklima im Innern verbessern.<\/p><p>Im Ergebnis garantieren wir unseren Kunden zukunftssichere und nachhaltige Geb\u00e4ude. Die Umweltzertifizierungen und der geringere Energieverbrauch erh\u00f6hen den Immobilienwert und den Kapitalfluss und machen neue Optionen bei der Landvergabe zug\u00e4nglich. Dies er\u00f6ffnet zudem neue M\u00f6glichkeiten f\u00fcr gr\u00fcne Finanzierung und erh\u00f6ht die Attraktivit\u00e4t f\u00fcr Investoren.<\/p>\t\t\t\t\t\t\t\t<\/div>\n\t\t\t\t<\/div>\n\t\t\t\t<\/div>\n\t\t\t\t<\/div>\n\t\t\t\t\t<\/div>\n\t\t\t\t<\/div>\n\t\t<div class=\"elementor-element elementor-element-521a3e1 e-flex e-con-boxed e-con e-parent\" data-id=\"521a3e1\" data-element_type=\"container\" data-e-type=\"container\">\n\t\t\t\t\t<div class=\"e-con-inner\">\n\t\t<div class=\"elementor-element elementor-element-44a8501 e-con-full ec21_e_container_content e-flex e-con e-child\" data-id=\"44a8501\" data-element_type=\"container\" data-e-type=\"container\">\n\t\t<div class=\"elementor-element elementor-element-92cfe70 e-con-full e-flex e-con e-child\" data-id=\"92cfe70\" data-element_type=\"container\" data-e-type=\"container\">\n\t\t\t\t<\/div>\n\t\t\t\t<\/div>\n\t\t\t\t\t<\/div>\n\t\t\t\t<\/div>\n\t\t<div class=\"elementor-element elementor-element-1452572 ec21_e_c_references e-flex e-con-boxed e-con e-parent\" data-id=\"1452572\" data-element_type=\"container\" data-e-type=\"container\" data-settings=\"{&quot;background_background&quot;:&quot;classic&quot;}\">\n\t\t\t\t\t<div class=\"e-con-inner\">\n\t\t<div class=\"elementor-element elementor-element-7abea0a e-con-full ec21_e_container_content e-flex e-con e-child\" data-id=\"7abea0a\" data-element_type=\"container\" data-e-type=\"container\">\n\t\t<div class=\"elementor-element elementor-element-ea0d857 e-con-full e-flex e-con e-child\" data-id=\"ea0d857\" data-element_type=\"container\" data-e-type=\"container\">\n\t\t\t\t<div class=\"elementor-element elementor-element-9c55941 elementor-widget elementor-widget-ecoclime_anchor_heading\" data-id=\"9c55941\" data-element_type=\"widget\" data-e-type=\"widget\" data-widget_type=\"ecoclime_anchor_heading.default\">\n\t\t\t\t<div class=\"elementor-widget-container\">\n\t\t\t\t\t\t\t<h2 class=\"ec21_anchor_heading\" id=\"unika\" data-light-menu=\"on\" data-visible-menu=\"on\" data-contact-card=\"off\">\n\t\t\tWas uns einzigartig macht\u200b\t\t<\/h2>\n\t\t\t\t\t\t<\/div>\n\t\t\t\t<\/div>\n\t\t\t\t<\/div>\n\t\t<div class=\"elementor-element elementor-element-71f43e0 e-con-full e-flex e-con e-child\" data-id=\"71f43e0\" data-element_type=\"container\" data-e-type=\"container\">\n\t\t\t\t<div class=\"elementor-element elementor-element-8027a06 elementor-widget elementor-widget-heading\" data-id=\"8027a06\" data-element_type=\"widget\" data-e-type=\"widget\" data-widget_type=\"heading.default\">\n\t\t\t\t<div class=\"elementor-widget-container\">\n\t\t\t\t\t<h2 class=\"elementor-heading-title elementor-size-default\">Was uns einzigartig macht<\/h2>\t\t\t\t<\/div>\n\t\t\t\t<\/div>\n\t\t\t\t<div class=\"elementor-element elementor-element-dd09d5f elementor-widget elementor-widget-text-editor\" data-id=\"dd09d5f\" data-element_type=\"widget\" data-e-type=\"widget\" data-widget_type=\"text-editor.default\">\n\t\t\t\t<div class=\"elementor-widget-container\">\n\t\t\t\t\t\t\t\t\t<p>Die Ecoclime Group engagiert sich an der gesamten Wertsch\u00f6pfungskette von Innovationen und Produktherstellung bis hin zu Installation, Betrieb und Service und entwickelt dabei langfristige Kundenbeziehungen mit wiederkehrenden Ums\u00e4tzen.<\/p><p>Wir sind \u00fcberzeugt, dass Wertsch\u00f6pfung und Profitabilit\u00e4t starke Kr\u00e4fte sind, die die Transformation hin zu nachhaltigen Geb\u00e4uden beschleunigen k\u00f6nnen. Diese \u00dcberzeugung ist die Grundlage f\u00fcr alles, was wir tun \u2013 von neuen Innovationen bis hin zu fertigen L\u00f6sungen. Unser Handeln muss sich f\u00fcr unsere Kunden, f\u00fcr uns selbst und f\u00fcr das Klima lohnen.<\/p><p>Unsere L\u00f6sungen kombinieren garantierte Ergebnisse, finanzielle Profitabilit\u00e4t und hohe Qualit\u00e4t.<\/p>\t\t\t\t\t\t\t\t<\/div>\n\t\t\t\t<\/div>\n\t\t\t\t<\/div>\n\t\t\t\t<\/div>\n\t\t\t\t\t<\/div>\n\t\t\t\t<\/div>\n\t\t\t\t<\/div>\n\t\t","protected":false},"excerpt":{"rendered":"<p>Ecoclime Ankare MenyVisar automatiskt ankare-rubiker f\u00f6r bes\u00f6kare. M\u00f6chten Sie mehr wissen? Sprich mit Robert Aldrich: 076-623 43 40 robert.aldrich@ecoclime.se \u00dcber uns Die Ecoclime Group bietet f\u00fchrende Produkte und Dienstleistungen im Bereich der cloudbasierten Automatisierung, zirkul\u00e4ren Energieversorgung, Bel\u00fcftung und Elektrotechnik f\u00fcr Geb\u00e4ude. Wir helfen Eigent\u00fcmern dabei, ihre Immobilien mit smarter Technologie fit f\u00fcr die Zukunft zu [&hellip;]<\/p>\n","protected":false},"author":3,"featured_media":0,"parent":0,"menu_order":0,"comment_status":"closed","ping_status":"closed","template":"","meta":{"_acf_changed":false,"footnotes":""},"class_list":["post-6107","page","type-page","status-publish","hentry"],"acf":[],"_links":{"self":[{"href":"https:\/\/ecoclime.se\/de\/wp-json\/wp\/v2\/pages\/6107","targetHints":{"allow":["GET"]}}],"collection":[{"href":"https:\/\/ecoclime.se\/de\/wp-json\/wp\/v2\/pages"}],"about":[{"href":"https:\/\/ecoclime.se\/de\/wp-json\/wp\/v2\/types\/page"}],"author":[{"embeddable":true,"href":"https:\/\/ecoclime.se\/de\/wp-json\/wp\/v2\/users\/3"}],"replies":[{"embeddable":true,"href":"https:\/\/ecoclime.se\/de\/wp-json\/wp\/v2\/comments?post=6107"}],"version-history":[{"count":30,"href":"https:\/\/ecoclime.se\/de\/wp-json\/wp\/v2\/pages\/6107\/revisions"}],"predecessor-version":[{"id":9653,"href":"https:\/\/ecoclime.se\/de\/wp-json\/wp\/v2\/pages\/6107\/revisions\/9653"}],"wp:attachment":[{"href":"https:\/\/ecoclime.se\/de\/wp-json\/wp\/v2\/media?parent=6107"}],"curies":[{"name":"wp","href":"https:\/\/api.w.org\/{rel}","templated":true}]}}