{"id":3,"date":"2021-12-02T14:30:13","date_gmt":"2021-12-02T13:30:13","guid":{"rendered":"https:\/\/dev21.ecoclime.se\/de\/?page_id=3"},"modified":"2025-09-01T16:41:20","modified_gmt":"2025-09-01T14:41:20","slug":"integritetspolicy","status":"publish","type":"page","link":"https:\/\/ecoclime.se\/de\/integritetspolicy\/","title":{"rendered":"Datenschutzrichtlinie"},"content":{"rendered":"<style>h1.entry-title  {\r\n  margin-top: 100px;\r\n}<\/style>\r\n\r\n<p data-start=\"3779\" data-end=\"4065\">Bei Ecoclime legen wir gro\u00dfen Wert auf den Schutz Ihrer Privatsph\u00e4re und \u00fcbernehmen Verantwortung f\u00fcr den Schutz Ihrer personenbezogenen Daten. Diese Datenschutzrichtlinie beschreibt, welche personenbezogenen Daten wir von Ihnen erheben, warum wir sie erheben und wie wir sie verwenden.<\/p>\r\n<p data-start=\"4067\" data-end=\"4310\"><strong data-start=\"4067\" data-end=\"4114\">Welche personenbezogenen Daten erheben wir?<\/strong><br data-start=\"4114\" data-end=\"4117\" \/>Wir k\u00f6nnen personenbezogene Daten wie Name, E-Mail-Adresse und weitere Informationen erheben, die Sie uns freiwillig zur Verf\u00fcgung stellen, wenn Sie uns kontaktieren oder sich registrieren f\u00fcr:<\/p>\r\n<ul data-start=\"4312\" data-end=\"4463\">\r\n<li data-start=\"4312\" data-end=\"4334\">\r\n<p data-start=\"4314\" data-end=\"4334\">unseren Newsletter<\/p>\r\n<\/li>\r\n<li data-start=\"4335\" data-end=\"4365\">\r\n<p data-start=\"4337\" data-end=\"4365\">das Herunterladen von PDFs<\/p>\r\n<\/li>\r\n<li data-start=\"4366\" data-end=\"4421\">\r\n<p data-start=\"4368\" data-end=\"4421\">den Kontakt mit unserer Organisation \u00fcber Formulare<\/p>\r\n<\/li>\r\n<li data-start=\"4422\" data-end=\"4463\">\r\n<p data-start=\"4424\" data-end=\"4463\">andere Formulare auf unserer Webseite<\/p>\r\n<\/li>\r\n<\/ul>\r\n<p data-start=\"4465\" data-end=\"4708\"><strong data-start=\"4465\" data-end=\"4510\">Warum erheben wir personenbezogene Daten?<\/strong><br data-start=\"4510\" data-end=\"4513\" \/>Wir erheben personenbezogene Daten, um unsere Dienstleistungen bereitzustellen und um Informationen \u00fcber unsere Produkte und Dienstleistungen zu versenden, die f\u00fcr Sie von Interesse sein k\u00f6nnten.<\/p>\r\n<p data-start=\"4710\" data-end=\"5086\"><strong data-start=\"4710\" data-end=\"4755\">Wie verwenden wir personenbezogene Daten?<\/strong><br data-start=\"4755\" data-end=\"4758\" \/>Wir verwenden personenbezogene Daten, um unsere Dienstleistungen bereitzustellen und um Informationen \u00fcber unsere Produkte und Dienstleistungen zu versenden. Au\u00dferdem k\u00f6nnen wir personenbezogene Daten nutzen, um unsere Dienstleistungen zu verbessern und um mit Ihnen bei eventuellen Problemen oder Fragen in Kontakt zu treten.<\/p>\r\n<p data-start=\"5088\" data-end=\"5301\">Wir verkaufen oder teilen Ihre personenbezogenen Daten nicht mit Dritten ohne Ihre Zustimmung, au\u00dfer wenn dies gesetzlich vorgeschrieben ist oder erforderlich ist, um unsere Website oder unsere Nutzer zu sch\u00fctzen.<\/p>\r\n<p data-start=\"5303\" data-end=\"5667\"><strong data-start=\"5303\" data-end=\"5353\">Wie sch\u00fctzen wir Ihre personenbezogenen Daten?<\/strong><br data-start=\"5353\" data-end=\"5356\" \/>Wir ergreifen geeignete technische und organisatorische Ma\u00dfnahmen, um Ihre personenbezogenen Daten vor unbefugtem Zugriff, Ver\u00e4nderung, L\u00f6schung oder Verlust zu sch\u00fctzen. Zudem beschr\u00e4nken wir den Zugriff auf Ihre personenbezogenen Daten auf Mitarbeiter, die diese zur Erf\u00fcllung ihrer Arbeitsaufgaben ben\u00f6tigen.<\/p>\r\n<p data-start=\"5669\" data-end=\"6049\"><strong data-start=\"5669\" data-end=\"5684\">Ihre Rechte<\/strong><br data-start=\"5684\" data-end=\"5687\" \/>Sie haben das Recht, Zugang zu Ihren personenbezogenen Daten zu verlangen, die Berichtigung Ihrer personenbezogenen Daten zu verlangen, die L\u00f6schung Ihrer personenbezogenen Daten zu verlangen und der Verarbeitung Ihrer personenbezogenen Daten zu widersprechen. Sie k\u00f6nnen au\u00dferdem jederzeit Ihre Einwilligung zur Nutzung Ihrer personenbezogenen Daten widerrufen.<\/p>\r\n<p data-start=\"6051\" data-end=\"6398\"><strong data-start=\"6051\" data-end=\"6062\">Cookies<\/strong><br data-start=\"6062\" data-end=\"6065\" \/>Wir verwenden Cookies auf unserer Website, um Ihre Benutzererfahrung zu verbessern und Informationen dar\u00fcber zu sammeln, wie Besucher unsere Website nutzen. Cookies sind kleine Textdateien, die von einer Website, die Sie besuchen, an Ihren Browser gesendet und anschlie\u00dfend auf Ihrem Computer oder mobilen Ger\u00e4t gespeichert werden.<\/p>\r\n<p data-start=\"6400\" data-end=\"6671\">Wir verwenden sowohl Sitzungscookies als auch permanente Cookies. Sitzungscookies werden automatisch gel\u00f6scht, wenn Sie Ihren Browser schlie\u00dfen, w\u00e4hrend permanente Cookies auf Ihrem Computer oder mobilen Ger\u00e4t gespeichert bleiben, bis sie ablaufen oder gel\u00f6scht werden.<\/p>\r\n<p data-start=\"6673\" data-end=\"6913\">Wir k\u00f6nnen auch Cookies und \u00e4hnliche Technologien f\u00fcr Marketing- und Retargeting-Zwecke verwenden. Das bedeutet, dass wir Ihnen Anzeigen basierend auf Ihrer Nutzung unserer Website und anderer von Ihnen besuchter Websites anzeigen k\u00f6nnen.<\/p>\r\n<p data-start=\"6915\" data-end=\"7057\">Sie k\u00f6nnen Ihren Browser so einstellen, dass er keine Cookies akzeptiert, dies kann jedoch die Funktionalit\u00e4t unserer Website beeintr\u00e4chtigen.<\/p>\r\n<p data-start=\"7059\" data-end=\"7309\"><strong data-start=\"7059\" data-end=\"7079\">Websites Dritter<\/strong><br data-start=\"7079\" data-end=\"7082\" \/>Unsere Website kann Links zu anderen Websites enthalten, die nicht von uns betrieben oder kontrolliert werden. Wir \u00fcbernehmen keine Verantwortung f\u00fcr deren Datenschutzrichtlinien oder deren Umgang mit personenbezogenen Daten.<\/p>\r\n<p data-start=\"7311\" data-end=\"7421\">Wir empfehlen Ihnen, die Datenschutzrichtlinien dieser Websites zu lesen, bevor Sie pers\u00f6nliche Daten angeben.<\/p>\r\n<p data-start=\"7423\" data-end=\"7614\"><strong data-start=\"7423\" data-end=\"7447\">Kontaktieren Sie uns<\/strong><br data-start=\"7447\" data-end=\"7450\" \/>Wenn Sie Fragen zu unserer Datenschutzrichtlinie oder zur Verarbeitung Ihrer personenbezogenen Daten haben, k\u00f6nnen Sie uns unter <a class=\"decorated-link cursor-pointer\" href=\"mailto:info@ecoclime.se\" rel=\"noopener\" data-start=\"7579\" data-end=\"7595\">info@ecoclime.se <\/a>en kontaktieren.<\/p>\r\n<p data-start=\"7616\" data-end=\"7817\">Wir behalten uns das Recht vor, diese Datenschutzrichtlinie jederzeit zu \u00e4ndern. Wir empfehlen Ihnen, unsere Website regelm\u00e4\u00dfig zu besuchen, um \u00fcber eventuelle Aktualisierungen informiert zu bleiben.<\/p>\r\n<p data-start=\"7819\" data-end=\"7978\">Wenn Sie mit unserer Verarbeitung Ihrer personenbezogenen Daten unzufrieden sind, haben Sie das Recht, eine Beschwerde bei der Aufsichtsbeh\u00f6rde einzureichen.<\/p>\r\n<p data-start=\"7980\" data-end=\"8062\">Wir bem\u00fchen uns, Ihre Privatsph\u00e4re und pers\u00f6nlichen Daten bestm\u00f6glich zu sch\u00fctzen.<\/p>\r\n<p data-start=\"8064\" data-end=\"8319\"><strong data-start=\"8064\" data-end=\"8080\">Abschlie\u00dfend<\/strong><br data-start=\"8080\" data-end=\"8083\" \/>Wir hoffen, dass Ihnen diese Datenschutzrichtlinie einen klaren \u00dcberblick dar\u00fcber gegeben hat, wie wir Ihre personenbezogenen Daten auf unserer Website handhaben. Wenn Sie Fragen oder Anliegen haben, k\u00f6nnen Sie sich gerne an uns wenden.<\/p>\r\n<p data-start=\"8064\" data-end=\"8319\">\u00a0<\/p>\r\n","protected":false},"excerpt":{"rendered":"<p>Bei Ecoclime legen wir gro\u00dfen Wert auf den Schutz Ihrer Privatsph\u00e4re und \u00fcbernehmen Verantwortung f\u00fcr den Schutz Ihrer personenbezogenen Daten. Diese Datenschutzrichtlinie beschreibt, welche personenbezogenen Daten wir von Ihnen erheben, warum wir sie erheben und wie wir sie verwenden. Welche personenbezogenen Daten erheben wir?Wir k\u00f6nnen personenbezogene Daten wie Name, E-Mail-Adresse und weitere Informationen erheben, die [&hellip;]<\/p>\n","protected":false},"author":1,"featured_media":5994,"parent":0,"menu_order":0,"comment_status":"closed","ping_status":"closed","template":"","meta":{"_acf_changed":false,"footnotes":""},"class_list":["post-3","page","type-page","status-publish","has-post-thumbnail","hentry"],"acf":[],"_links":{"self":[{"href":"https:\/\/ecoclime.se\/de\/wp-json\/wp\/v2\/pages\/3","targetHints":{"allow":["GET"]}}],"collection":[{"href":"https:\/\/ecoclime.se\/de\/wp-json\/wp\/v2\/pages"}],"about":[{"href":"https:\/\/ecoclime.se\/de\/wp-json\/wp\/v2\/types\/page"}],"author":[{"embeddable":true,"href":"https:\/\/ecoclime.se\/de\/wp-json\/wp\/v2\/users\/1"}],"replies":[{"embeddable":true,"href":"https:\/\/ecoclime.se\/de\/wp-json\/wp\/v2\/comments?post=3"}],"version-history":[{"count":9,"href":"https:\/\/ecoclime.se\/de\/wp-json\/wp\/v2\/pages\/3\/revisions"}],"predecessor-version":[{"id":9623,"href":"https:\/\/ecoclime.se\/de\/wp-json\/wp\/v2\/pages\/3\/revisions\/9623"}],"wp:featuredmedia":[{"embeddable":true,"href":"https:\/\/ecoclime.se\/de\/wp-json\/wp\/v2\/media\/5994"}],"wp:attachment":[{"href":"https:\/\/ecoclime.se\/de\/wp-json\/wp\/v2\/media?parent=3"}],"curies":[{"name":"wp","href":"https:\/\/api.w.org\/{rel}","templated":true}]}}